{"id":1029,"date":"2019-05-23T09:05:05","date_gmt":"2019-05-23T09:05:05","guid":{"rendered":"http:\/\/demo.ovathemes.com\/constrau\/?page_id=1029"},"modified":"2024-04-15T19:34:30","modified_gmt":"2024-04-15T16:34:30","slug":"hizmetlerimiz","status":"publish","type":"page","link":"https:\/\/www.cukurovaroof.com\/index.php\/hizmetlerimiz\/","title":{"rendered":"Hizmetlerimiz"},"content":{"rendered":"\t\t<div data-elementor-type=\"wp-post\" data-elementor-id=\"1029\" class=\"elementor elementor-1029\" data-elementor-settings=\"[]\">\n\t\t\t\t\t\t\t<div class=\"elementor-section-wrap\">\n\t\t\t\t\t\t\t<section class=\"elementor-section elementor-top-section elementor-element elementor-element-fc0c757 column_services elementor-section-boxed elementor-section-height-default elementor-section-height-default\" data-id=\"fc0c757\" data-element_type=\"section\" data-settings=\"{&quot;background_background&quot;:&quot;classic&quot;}\">\n\t\t\t\t\t\t<div class=\"elementor-container elementor-column-gap-default\">\n\t\t\t\t\t<div class=\"elementor-column elementor-col-33 elementor-top-column elementor-element elementor-element-1f74dd5\" data-id=\"1f74dd5\" data-element_type=\"column\">\n\t\t\t<div class=\"elementor-widget-wrap elementor-element-populated\">\n\t\t\t\t\t\t\t\t<div class=\"elementor-element elementor-element-2831d38 elementor-widget elementor-widget-ova_services_image\" data-id=\"2831d38\" data-element_type=\"widget\" data-widget_type=\"ova_services_image.default\">\n\t\t\t\t<div class=\"elementor-widget-container\">\n\t\t\t\n\t\t<div class=\"ova_services_image\">\n\t\t\t<div class=\"type_1\">\n\t\t\t\t<div class=\"img\">\n\t\t\t\t\t<img decoding=\"async\" class=\"img_ipad\" src=\"https:\/\/www.cukurovaroof.com\/wp-content\/uploads\/2024\/03\/asbest-sokumu-1-2.jpg\" alt=\"img\">\n\t\t\t\t\t<img decoding=\"async\" class=\"img_mobile\" src=\"\" alt=\"img\">\n\t\t\t\t<\/div>\n\t\t\t\t<div class=\"content\">\n\t\t\t\t\t<div class=\"icon\">\n\t\t\t\t\t\t<i class=\"\"><\/i>\n\t\t\t\t\t<\/div>\n\t\t\t\t\t<p class=\"title second_font\">Asbest Envanter Raporu<\/p>\n\t\t\t\t\t<p class=\"desc\"> Asbest i\u00e7eren malzemelerin envanterinin belirlenmesi ve belgelendirilmesi, sa\u011fl\u0131k ve g\u00fcvenlik a\u00e7\u0131s\u0131ndan \u00f6nemlidir. <\/p>\n\t\t\t\t\t<a class=\"read_more\" href=\"https:\/\/www.cukurovaroof.com\/index.php\/asbest-sokumu-ve-bertarafi-2\/\"  >\n\t\t\t\t\t\t<span>detaylar<\/span>\n\t\t\t\t\t\t<i class=\"arrow_flaticon-029-right-arrow-12\"><\/i>\n\t\t\t\t\t<\/a>\n\t\t\t\t<\/div>\n\n\t\t\t<\/div>\n\t\t<\/div>\n\n\n\t\t\t\t<\/div>\n\t\t\t\t<\/div>\n\t\t\t\t<div class=\"elementor-element elementor-element-8e415e0 elementor-widget elementor-widget-ova_services_image\" data-id=\"8e415e0\" data-element_type=\"widget\" data-widget_type=\"ova_services_image.default\">\n\t\t\t\t<div class=\"elementor-widget-container\">\n\t\t\t\n\t\t<div class=\"ova_services_image\">\n\t\t\t<div class=\"type_1\">\n\t\t\t\t<div class=\"img\">\n\t\t\t\t\t<img decoding=\"async\" class=\"img_ipad\" src=\"https:\/\/www.cukurovaroof.com\/wp-content\/uploads\/2022\/11\/tel-orgu.jpg\" alt=\"img\">\n\t\t\t\t\t<img decoding=\"async\" class=\"img_mobile\" src=\"\" alt=\"img\">\n\t\t\t\t<\/div>\n\t\t\t\t<div class=\"content\">\n\t\t\t\t\t<div class=\"icon\">\n\t\t\t\t\t\t<i class=\"\"><\/i>\n\t\t\t\t\t<\/div>\n\t\t\t\t\t<p class=\"title second_font\">Tel \u00d6rg\u00fc ve \u00c7it Sistemleri<\/p>\n\t\t\t\t\t<p class=\"desc\">Tel \u00f6rg\u00fc ve \u00e7it sistemleri; herhangi bir a\u00e7\u0131k alan\u0131n \u00e7evrelenmesi i\u00e7in kullan\u0131lan, tamamen metalik tellerin birle\u015ftirilmesiyle olu\u015fan malzemedir. G\u00fcnl\u00fck hayatta pek \u00e7ok ya\u015fam ve \u00e7al\u0131\u015fma alan\u0131n\u0131n tel \u00f6rg\u00fc ile \u00e7evrelendi\u011fini g\u00f6rebilirsiniz. <\/p>\n\t\t\t\t\t<a class=\"read_more\" href=\"https:\/\/www.cukurovaroof.com\/index.php\/tel-orgu-ve-cit-sismteleri\/\"  >\n\t\t\t\t\t\t<span>detaylar<\/span>\n\t\t\t\t\t\t<i class=\"arrow_flaticon-029-right-arrow-12\"><\/i>\n\t\t\t\t\t<\/a>\n\t\t\t\t<\/div>\n\n\t\t\t<\/div>\n\t\t<\/div>\n\n\n\t\t\t\t<\/div>\n\t\t\t\t<\/div>\n\t\t\t\t<div class=\"elementor-element elementor-element-9e6ce40 elementor-widget elementor-widget-ova_services_image\" data-id=\"9e6ce40\" data-element_type=\"widget\" data-widget_type=\"ova_services_image.default\">\n\t\t\t\t<div class=\"elementor-widget-container\">\n\t\t\t\n\t\t<div class=\"ova_services_image\">\n\t\t\t<div class=\"type_1\">\n\t\t\t\t<div class=\"img\">\n\t\t\t\t\t<img decoding=\"async\" class=\"img_ipad\" src=\"https:\/\/www.cukurovaroof.com\/wp-content\/uploads\/2022\/11\/kamelya.jpg\" alt=\"img\">\n\t\t\t\t\t<img decoding=\"async\" class=\"img_mobile\" src=\"\" alt=\"img\">\n\t\t\t\t<\/div>\n\t\t\t\t<div class=\"content\">\n\t\t\t\t\t<div class=\"icon\">\n\t\t\t\t\t\t<i class=\"\"><\/i>\n\t\t\t\t\t<\/div>\n\t\t\t\t\t<p class=\"title second_font\">Kamelya Sistemleri<\/p>\n\t\t\t\t\t<p class=\"desc\">Tasar\u0131m\u0131 ve projesinden sonra montaj\u0131 yap\u0131lan kamelyalar, uyguland\u0131\u011f\u0131 bah\u00e7e alan\u0131nda uzun y\u0131llar hizmet vermesi beklenir. Teknik a\u00e7\u0131dan da bir \u00e7ok gereklili\u011fin yerine getirilmesiyle bu amac\u0131na hizmet etmi\u015f olacakt\u0131r. <\/p>\n\t\t\t\t\t<a class=\"read_more\" href=\"https:\/\/www.cukurovaroof.com\/index.php\/kamelya-sistemleri\/\"  >\n\t\t\t\t\t\t<span>DETAYLAR<\/span>\n\t\t\t\t\t\t<i class=\"arrow_flaticon-029-right-arrow-12\"><\/i>\n\t\t\t\t\t<\/a>\n\t\t\t\t<\/div>\n\n\t\t\t<\/div>\n\t\t<\/div>\n\n\n\t\t\t\t<\/div>\n\t\t\t\t<\/div>\n\t\t\t\t\t<\/div>\n\t\t<\/div>\n\t\t\t\t<div class=\"elementor-column elementor-col-33 elementor-top-column elementor-element elementor-element-59bf2d6\" data-id=\"59bf2d6\" data-element_type=\"column\">\n\t\t\t<div class=\"elementor-widget-wrap elementor-element-populated\">\n\t\t\t\t\t\t\t\t<div class=\"elementor-element elementor-element-0a5bacb elementor-widget elementor-widget-ova_services_image\" data-id=\"0a5bacb\" data-element_type=\"widget\" data-widget_type=\"ova_services_image.default\">\n\t\t\t\t<div class=\"elementor-widget-container\">\n\t\t\t\n\t\t<div class=\"ova_services_image\">\n\t\t\t<div class=\"type_1\">\n\t\t\t\t<div class=\"img\">\n\t\t\t\t\t<img decoding=\"async\" class=\"img_ipad\" src=\"https:\/\/www.cukurovaroof.com\/wp-content\/uploads\/2021\/10\/cati-kaplama.jpg\" alt=\"img\">\n\t\t\t\t\t<img decoding=\"async\" class=\"img_mobile\" src=\"\" alt=\"img\">\n\t\t\t\t<\/div>\n\t\t\t\t<div class=\"content\">\n\t\t\t\t\t<div class=\"icon\">\n\t\t\t\t\t\t<i class=\"\"><\/i>\n\t\t\t\t\t<\/div>\n\t\t\t\t\t<p class=\"title second_font\">Asbest S\u00f6k\u00fcm\u00fc ve Bertaraf\u0131<\/p>\n\t\t\t\t\t<p class=\"desc\">Firmam\u0131z b\u00fcnyesinde asbest s\u00f6k\u00fcm\u00fc ve bertaraf\u0131 yap\u0131l\u0131rken;<\/p>\n\t\t\t\t\t<a class=\"read_more\" href=\"https:\/\/www.cukurovaroof.com\/index.php\/asbest-sokumu-ve-bertarafi\/\"  >\n\t\t\t\t\t\t<span>DETAYLAR<\/span>\n\t\t\t\t\t\t<i class=\"arrow_flaticon-029-right-arrow-12\"><\/i>\n\t\t\t\t\t<\/a>\n\t\t\t\t<\/div>\n\n\t\t\t<\/div>\n\t\t<\/div>\n\n\n\t\t\t\t<\/div>\n\t\t\t\t<\/div>\n\t\t\t\t<div class=\"elementor-element elementor-element-a3e146f elementor-widget elementor-widget-ova_services_image\" data-id=\"a3e146f\" data-element_type=\"widget\" data-widget_type=\"ova_services_image.default\">\n\t\t\t\t<div class=\"elementor-widget-container\">\n\t\t\t\n\t\t<div class=\"ova_services_image\">\n\t\t\t<div class=\"type_1\">\n\t\t\t\t<div class=\"img\">\n\t\t\t\t\t<img decoding=\"async\" class=\"img_ipad\" src=\"https:\/\/www.cukurovaroof.com\/wp-content\/uploads\/2022\/11\/Konteyner-Ev-1.jpg\" alt=\"img\">\n\t\t\t\t\t<img decoding=\"async\" class=\"img_mobile\" src=\"\" alt=\"img\">\n\t\t\t\t<\/div>\n\t\t\t\t<div class=\"content\">\n\t\t\t\t\t<div class=\"icon\">\n\t\t\t\t\t\t<i class=\"\"><\/i>\n\t\t\t\t\t<\/div>\n\t\t\t\t\t<p class=\"title second_font\">Bah\u00e7e ve Kamp Ya\u015fam Konteyner Uygulamalar\u0131<\/p>\n\t\t\t\t\t<p class=\"desc\">Ya\u015fam konteyneri, kapal\u0131 alan ihtiyac\u0131n\u0131n h\u0131zl\u0131ca kar\u015f\u0131lanmas\u0131 i\u00e7in tercih edilen mod\u00fcler yap\u0131lard\u0131r.<\/p>\n\t\t\t\t\t<a class=\"read_more\" href=\"https:\/\/www.cukurovaroof.com\/index.php\/bahce-ve-kamp-yasam-konteyner-uygulamalari\/\"  >\n\t\t\t\t\t\t<span>DETAYLAR<\/span>\n\t\t\t\t\t\t<i class=\"arrow_flaticon-029-right-arrow-12\"><\/i>\n\t\t\t\t\t<\/a>\n\t\t\t\t<\/div>\n\n\t\t\t<\/div>\n\t\t<\/div>\n\n\n\t\t\t\t<\/div>\n\t\t\t\t<\/div>\n\t\t\t\t<div class=\"elementor-element elementor-element-2df53f1 elementor-widget elementor-widget-ova_services_image\" data-id=\"2df53f1\" data-element_type=\"widget\" data-widget_type=\"ova_services_image.default\">\n\t\t\t\t<div class=\"elementor-widget-container\">\n\t\t\t\n\t\t<div class=\"ova_services_image\">\n\t\t\t<div class=\"type_1\">\n\t\t\t\t<div class=\"img\">\n\t\t\t\t\t<img decoding=\"async\" class=\"img_ipad\" src=\"https:\/\/www.cukurovaroof.com\/wp-content\/uploads\/2022\/11\/muhendisli.jpg\" alt=\"img\">\n\t\t\t\t\t<img decoding=\"async\" class=\"img_mobile\" src=\"\" alt=\"img\">\n\t\t\t\t<\/div>\n\t\t\t\t<div class=\"content\">\n\t\t\t\t\t<div class=\"icon\">\n\t\t\t\t\t\t<i class=\"\"><\/i>\n\t\t\t\t\t<\/div>\n\t\t\t\t\t<p class=\"title second_font\">M\u00fchendislik ve Dan\u0131\u015fmanl\u0131k Hizmetleri<\/p>\n\t\t\t\t\t<p class=\"desc\">Mekanik i\u015flemler ba\u015fta olmak \u00fczere m\u00fchendisli\u011fi do\u011frudan ilgilendiren alanlarla ilgili olarak verilen dan\u0131\u015fmanl\u0131k, hedeflerinize ula\u015fman\u0131z noktas\u0131nda \u00f6nemli avantajlar sa\u011flar. <\/p>\n\t\t\t\t\t<a class=\"read_more\" href=\"https:\/\/www.cukurovaroof.com\/index.php\/muhendislik-ve-danismanlik-hizmetleri\/\"  >\n\t\t\t\t\t\t<span>DETAYLAR<\/span>\n\t\t\t\t\t\t<i class=\"arrow_flaticon-029-right-arrow-12\"><\/i>\n\t\t\t\t\t<\/a>\n\t\t\t\t<\/div>\n\n\t\t\t<\/div>\n\t\t<\/div>\n\n\n\t\t\t\t<\/div>\n\t\t\t\t<\/div>\n\t\t\t\t\t<\/div>\n\t\t<\/div>\n\t\t\t\t<div class=\"elementor-column elementor-col-33 elementor-top-column elementor-element elementor-element-1c75d8b\" data-id=\"1c75d8b\" data-element_type=\"column\">\n\t\t\t<div class=\"elementor-widget-wrap elementor-element-populated\">\n\t\t\t\t\t\t\t\t<div class=\"elementor-element elementor-element-2560b7e elementor-widget elementor-widget-ova_services_image\" data-id=\"2560b7e\" data-element_type=\"widget\" data-widget_type=\"ova_services_image.default\">\n\t\t\t\t<div class=\"elementor-widget-container\">\n\t\t\t\n\t\t<div class=\"ova_services_image\">\n\t\t\t<div class=\"type_1\">\n\t\t\t\t<div class=\"img\">\n\t\t\t\t\t<img decoding=\"async\" class=\"img_ipad\" src=\"https:\/\/www.cukurovaroof.com\/wp-content\/uploads\/2022\/11\/cati-sistemleri.jpg\" alt=\"img\">\n\t\t\t\t\t<img decoding=\"async\" class=\"img_mobile\" src=\"\" alt=\"img\">\n\t\t\t\t<\/div>\n\t\t\t\t<div class=\"content\">\n\t\t\t\t\t<div class=\"icon\">\n\t\t\t\t\t\t<i class=\"\"><\/i>\n\t\t\t\t\t<\/div>\n\t\t\t\t\t<p class=\"title second_font\">\u00c7at\u0131 ve Cephe Sistemleri<\/p>\n\t\t\t\t\t<p class=\"desc\">\u00c7at\u0131 mevsim ko\u015fullar\u0131ndan korunmam\u0131za, korunakl\u0131 bir ya\u015fam ge\u00e7irmemize yard\u0131mc\u0131 olan en \u00f6nemli yap\u0131 unsurlar\u0131ndan biridir. <\/p>\n\t\t\t\t\t<a class=\"read_more\" href=\"https:\/\/www.cukurovaroof.com\/index.php\/cephe-kaplama\/\"  >\n\t\t\t\t\t\t<span>detaylar<\/span>\n\t\t\t\t\t\t<i class=\"arrow_flaticon-029-right-arrow-12\"><\/i>\n\t\t\t\t\t<\/a>\n\t\t\t\t<\/div>\n\n\t\t\t<\/div>\n\t\t<\/div>\n\n\n\t\t\t\t<\/div>\n\t\t\t\t<\/div>\n\t\t\t\t<div class=\"elementor-element elementor-element-9ee40d3 elementor-widget elementor-widget-ova_services_image\" data-id=\"9ee40d3\" data-element_type=\"widget\" data-widget_type=\"ova_services_image.default\">\n\t\t\t\t<div class=\"elementor-widget-container\">\n\t\t\t\n\t\t<div class=\"ova_services_image\">\n\t\t\t<div class=\"type_1\">\n\t\t\t\t<div class=\"img\">\n\t\t\t\t\t<img decoding=\"async\" class=\"img_ipad\" src=\"https:\/\/www.cukurovaroof.com\/wp-content\/uploads\/2022\/11\/teras-kaplama.jpg\" alt=\"img\">\n\t\t\t\t\t<img decoding=\"async\" class=\"img_mobile\" src=\"\" alt=\"img\">\n\t\t\t\t<\/div>\n\t\t\t\t<div class=\"content\">\n\t\t\t\t\t<div class=\"icon\">\n\t\t\t\t\t\t<i class=\"\"><\/i>\n\t\t\t\t\t<\/div>\n\t\t\t\t\t<p class=\"title second_font\">Teras Sistemleri<\/p>\n\t\t\t\t\t<p class=\"desc\">Teras sistemleri ; \u00fcst\u00fc a\u00e7\u0131k teraslar\u0131n ve mekanlar\u0131n, \u00e7elik konst\u00fcriks\u00fcyon g\u00f6vde veya ah\u015fap g\u00f6vde direkler kullan\u0131larak iskelet yap\u0131 olu\u015fumundan sonra Cam,\u015eing\u0131l mebran veya Pergola Tente malzemeler ile kapat\u0131lma uygulamas\u0131d\u0131r. <\/p>\n\t\t\t\t\t<a class=\"read_more\" href=\"https:\/\/www.cukurovaroof.com\/index.php\/asbest-sokumu-ve-bertarafi\/\"  >\n\t\t\t\t\t\t<span>DETAYLAR<\/span>\n\t\t\t\t\t\t<i class=\"arrow_flaticon-029-right-arrow-12\"><\/i>\n\t\t\t\t\t<\/a>\n\t\t\t\t<\/div>\n\n\t\t\t<\/div>\n\t\t<\/div>\n\n\n\t\t\t\t<\/div>\n\t\t\t\t<\/div>\n\t\t\t\t\t<\/div>\n\t\t<\/div>\n\t\t\t\t\t\t\t<\/div>\n\t\t<\/section>\n\t\t\t\t\t\t<\/div>\n\t\t\t\t\t<\/div>\n\t\t","protected":false},"excerpt":{"rendered":"<p>Asbest Envanter Raporu Asbest i\u00e7eren malzemelerin envanterinin belirlenmesi ve belgelendirilmesi, sa\u011fl\u0131k ve g\u00fcvenlik a\u00e7\u0131s\u0131ndan \u00f6nemlidir. detaylar Tel \u00d6rg\u00fc ve \u00c7it Sistemleri Tel \u00f6rg\u00fc ve \u00e7it sistemleri; herhangi bir a\u00e7\u0131k alan\u0131n \u00e7evrelenmesi i\u00e7in kullan\u0131lan, tamamen metalik tellerin birle\u015ftirilmesiyle olu\u015fan malzemedir. G\u00fcnl\u00fck hayatta pek \u00e7ok ya\u015fam ve \u00e7al\u0131\u015fma alan\u0131n\u0131n tel \u00f6rg\u00fc ile \u00e7evrelendi\u011fini g\u00f6rebilirsiniz. detaylar Kamelya Sistemleri [&hellip;]<\/p>\n","protected":false},"author":1,"featured_media":0,"parent":0,"menu_order":0,"comment_status":"closed","ping_status":"closed","template":"elementor_header_footer","meta":{"footnotes":""},"_links":{"self":[{"href":"https:\/\/www.cukurovaroof.com\/index.php\/wp-json\/wp\/v2\/pages\/1029"}],"collection":[{"href":"https:\/\/www.cukurovaroof.com\/index.php\/wp-json\/wp\/v2\/pages"}],"about":[{"href":"https:\/\/www.cukurovaroof.com\/index.php\/wp-json\/wp\/v2\/types\/page"}],"author":[{"embeddable":true,"href":"https:\/\/www.cukurovaroof.com\/index.php\/wp-json\/wp\/v2\/users\/1"}],"replies":[{"embeddable":true,"href":"https:\/\/www.cukurovaroof.com\/index.php\/wp-json\/wp\/v2\/comments?post=1029"}],"version-history":[{"count":111,"href":"https:\/\/www.cukurovaroof.com\/index.php\/wp-json\/wp\/v2\/pages\/1029\/revisions"}],"predecessor-version":[{"id":3504,"href":"https:\/\/www.cukurovaroof.com\/index.php\/wp-json\/wp\/v2\/pages\/1029\/revisions\/3504"}],"wp:attachment":[{"href":"https:\/\/www.cukurovaroof.com\/index.php\/wp-json\/wp\/v2\/media?parent=1029"}],"curies":[{"name":"wp","href":"https:\/\/api.w.org\/{rel}","templated":true}]}}