{"id":193,"date":"2019-05-17T04:23:55","date_gmt":"2019-05-17T04:23:55","guid":{"rendered":"http:\/\/demo.ovathemes.com\/constrau\/?page_id=193"},"modified":"2024-04-15T19:32:50","modified_gmt":"2024-04-15T16:32:50","slug":"home-page-1","status":"publish","type":"page","link":"https:\/\/www.cukurovaroof.com\/","title":{"rendered":"Anasayfa"},"content":{"rendered":"\t\t<div data-elementor-type=\"wp-post\" data-elementor-id=\"193\" class=\"elementor elementor-193\" data-elementor-settings=\"[]\">\n\t\t\t\t\t\t\t<div class=\"elementor-section-wrap\">\n\t\t\t\t\t\t\t<section class=\"elementor-section elementor-top-section elementor-element elementor-element-77df163 elementor-section-full_width elementor-section-height-default elementor-section-height-default\" data-id=\"77df163\" data-element_type=\"section\">\n\t\t\t\t\t\t<div class=\"elementor-container elementor-column-gap-no\">\n\t\t\t\t\t<div class=\"elementor-column elementor-col-100 elementor-top-column elementor-element elementor-element-7ccf53a\" data-id=\"7ccf53a\" data-element_type=\"column\">\n\t\t\t<div class=\"elementor-widget-wrap elementor-element-populated\">\n\t\t\t\t\t\t\t\t<div class=\"elementor-element elementor-element-ed32b7c elementor-widget elementor-widget-shortcode\" data-id=\"ed32b7c\" data-element_type=\"widget\" data-widget_type=\"shortcode.default\">\n\t\t\t\t<div class=\"elementor-widget-container\">\n\t\t\t\t\t<div class=\"elementor-shortcode\">\n\n\t\t\t<!-- START Home 6 REVOLUTION SLIDER 6.5.5 --><p class=\"rs-p-wp-fix\"><\/p>\n\t\t\t<rs-module-wrap id=\"rev_slider_6_1_wrapper\" data-source=\"gallery\" style=\"visibility:hidden;background:transparent;padding:0;margin:0px auto;margin-top:0;margin-bottom:0;\">\n\t\t\t\t<rs-module id=\"rev_slider_6_1\" style=\"\" data-version=\"6.5.5\">\n\t\t\t\t\t<rs-slides>\n\t\t\t\t\t\t<rs-slide style=\"position: absolute;\" data-key=\"rs-16\" data-title=\"Slide\" data-in=\"o:0;\" data-out=\"a:false;\">\n\t\t\t\t\t\t\t<img loading=\"lazy\" decoding=\"async\" src=\"\/\/www.cukurovaroof.com\/wp-content\/plugins\/revslider\/public\/assets\/assets\/dummy.png\" title=\"asbest-sokumu\" width=\"1200\" height=\"800\" class=\"rev-slidebg tp-rs-img rs-lazyload\" data-lazyload=\"\/\/www.cukurovaroof.com\/wp-content\/uploads\/2019\/05\/asbest-sokumu.webp\" data-no-retina>\n<!--\n\t\t\t\t\t\t\t--><rs-layer\n\t\t\t\t\t\t\t\tid=\"slider-6-slide-16-layer-7\" \n\t\t\t\t\t\t\t\tdata-type=\"text\"\n\t\t\t\t\t\t\t\tdata-color=\"#ffcc00||#ffcc00||#ffcc00||#fed501\"\n\t\t\t\t\t\t\t\tdata-xy=\"x:c;y:m;yo:-88px;\"\n\t\t\t\t\t\t\t\tdata-text=\"s:30;l:36;ls:4px,4px,4px,0px;fw:700;a:center;\"\n\t\t\t\t\t\t\t\tdata-padding=\"t:5,5,5,0;r:5,5,5,0;b:5,5,5,0;l:5,5,5,0;\"\n\t\t\t\t\t\t\t\tdata-border=\"bor:4px,4px,4px,4px;\"\n\t\t\t\t\t\t\t\tdata-frame_0=\"y:50px;\"\n\t\t\t\t\t\t\t\tdata-frame_1=\"st:300;sp:1500;sR:300;\"\n\t\t\t\t\t\t\t\tdata-frame_999=\"st:w;sR:7200;\"\n\t\t\t\t\t\t\t\tstyle=\"z-index:5;background-color:#fcfcfc;font-family:'Rajdhani';text-transform:uppercase;\"\n\t\t\t\t\t\t\t>\u00e7ukurovaroof \n\t\t\t\t\t\t\t<\/rs-layer><!--\n\n\t\t\t\t\t\t\t--><rs-layer\n\t\t\t\t\t\t\t\tid=\"slider-6-slide-16-layer-8\" \n\t\t\t\t\t\t\t\tdata-type=\"text\"\n\t\t\t\t\t\t\t\tdata-bsh=\"c:#474747;h:16px;v:11px;b:25px;\"\n\t\t\t\t\t\t\t\tdata-tsh=\"c:rgba(12,12,12,0.25);h:7px;\"\n\t\t\t\t\t\t\t\tdata-xy=\"x:c;xo:-1px,-1px,-1px,0;y:m;yo:-20px,-20px,-20px,-30px;\"\n\t\t\t\t\t\t\t\tdata-text=\"w:nowrap,nowrap,nowrap,normal;s:52,52,52,36;l:52;fw:700;a:center;\"\n\t\t\t\t\t\t\t\tdata-dim=\"w:auto,auto,auto,481px;\"\n\t\t\t\t\t\t\t\tdata-border=\"bos:solid;boc:#ffcc00;bow:0px,0px,4px,0px;\"\n\t\t\t\t\t\t\t\tdata-frame_0=\"y:50px;\"\n\t\t\t\t\t\t\t\tdata-frame_1=\"st:1000;sp:1500;sR:1000;\"\n\t\t\t\t\t\t\t\tdata-frame_999=\"st:w;sR:6500;\"\n\t\t\t\t\t\t\t\tstyle=\"z-index:6;font-family:'Rajdhani';text-transform:uppercase;\"\n\t\t\t\t\t\t\t>ASBESTL\u0130 \u00c7ATI S\u00d6K\u00dcM\u00dc \n\t\t\t\t\t\t\t<\/rs-layer><!--\n-->\t\t\t\t\t\t<\/rs-slide>\n\t\t\t\t\t\t<rs-slide style=\"position: absolute;\" data-key=\"rs-17\" data-title=\"Slide\" data-thumb=\"\/\/www.cukurovaroof.com\/wp-content\/uploads\/2019\/05\/KONTERNER-100x50.jpg\" data-in=\"o:0;\" data-out=\"a:false;\">\n\t\t\t\t\t\t\t<img loading=\"lazy\" decoding=\"async\" src=\"\/\/www.cukurovaroof.com\/wp-content\/plugins\/revslider\/public\/assets\/assets\/dummy.png\" title=\"KONTERNER\" width=\"1024\" height=\"691\" class=\"rev-slidebg tp-rs-img rs-lazyload\" data-lazyload=\"\/\/www.cukurovaroof.com\/wp-content\/uploads\/2019\/05\/KONTERNER.jpg\" data-no-retina>\n<!--\n\t\t\t\t\t\t\t--><rs-layer\n\t\t\t\t\t\t\t\tid=\"slider-6-slide-17-layer-4\" \n\t\t\t\t\t\t\t\tdata-type=\"text\"\n\t\t\t\t\t\t\t\tdata-color=\"#ffcc00||#ffcc00||#ffcc00||#fed501\"\n\t\t\t\t\t\t\t\tdata-xy=\"x:c;xo:-1px,-1px,-1px,0;y:m;yo:-96px,-96px,-96px,-88px;\"\n\t\t\t\t\t\t\t\tdata-text=\"s:30;l:36;ls:4px,4px,4px,0px;fw:700;a:center;\"\n\t\t\t\t\t\t\t\tdata-padding=\"t:5,5,5,0;r:5,5,5,0;b:5,5,5,0;l:5,5,5,0;\"\n\t\t\t\t\t\t\t\tdata-border=\"bor:4px,4px,4px,4px;\"\n\t\t\t\t\t\t\t\tdata-frame_0=\"y:50px;\"\n\t\t\t\t\t\t\t\tdata-frame_1=\"st:300;sp:1500;sR:300;\"\n\t\t\t\t\t\t\t\tdata-frame_999=\"st:w;sR:7200;\"\n\t\t\t\t\t\t\t\tstyle=\"z-index:5;background-color:#fcfcfc;font-family:'Rajdhani';text-transform:uppercase;\"\n\t\t\t\t\t\t\t>\u00e7ukurovaroof \n\t\t\t\t\t\t\t<\/rs-layer><!--\n\n\t\t\t\t\t\t\t--><rs-layer\n\t\t\t\t\t\t\t\tid=\"slider-6-slide-17-layer-5\" \n\t\t\t\t\t\t\t\tdata-type=\"text\"\n\t\t\t\t\t\t\t\tdata-bsh=\"c:#474747;h:16px;v:11px;b:25px;\"\n\t\t\t\t\t\t\t\tdata-tsh=\"c:rgba(12,12,12,0.25);h:7px;\"\n\t\t\t\t\t\t\t\tdata-xy=\"x:c;xo:-1px,-1px,-1px,0;y:m;yo:-20px,-20px,-20px,-30px;\"\n\t\t\t\t\t\t\t\tdata-text=\"w:nowrap,nowrap,nowrap,normal;s:52,52,52,36;l:52;fw:700;a:center;\"\n\t\t\t\t\t\t\t\tdata-dim=\"w:auto,auto,auto,481px;\"\n\t\t\t\t\t\t\t\tdata-border=\"bos:solid;boc:#ffcc00;bow:0px,0px,4px,0px;\"\n\t\t\t\t\t\t\t\tdata-frame_0=\"y:50px;\"\n\t\t\t\t\t\t\t\tdata-frame_1=\"st:1000;sp:1500;sR:1000;\"\n\t\t\t\t\t\t\t\tdata-frame_999=\"st:w;sR:6500;\"\n\t\t\t\t\t\t\t\tstyle=\"z-index:6;font-family:'Rajdhani';text-transform:uppercase;\"\n\t\t\t\t\t\t\t>ANAHTAR TESL\u0130M PROJELER \n\t\t\t\t\t\t\t<\/rs-layer><!--\n-->\t\t\t\t\t\t<\/rs-slide>\n\t\t\t\t\t\t<rs-slide style=\"position: absolute;\" data-key=\"rs-19\" data-title=\"Slide\" data-thumb=\"\/\/www.cukurovaroof.com\/wp-content\/uploads\/2019\/05\/PANEL-100x50.jpg\" data-in=\"o:0;\" data-out=\"a:false;\">\n\t\t\t\t\t\t\t<img loading=\"lazy\" decoding=\"async\" src=\"\/\/www.cukurovaroof.com\/wp-content\/plugins\/revslider\/public\/assets\/assets\/dummy.png\" title=\"PANEL\" width=\"1903\" height=\"914\" class=\"rev-slidebg tp-rs-img rs-lazyload\" data-lazyload=\"\/\/www.cukurovaroof.com\/wp-content\/uploads\/2019\/05\/PANEL.jpg\" data-no-retina>\n<!--\n\t\t\t\t\t\t\t--><rs-layer\n\t\t\t\t\t\t\t\tid=\"slider-6-slide-19-layer-1\" \n\t\t\t\t\t\t\t\tdata-type=\"text\"\n\t\t\t\t\t\t\t\tdata-color=\"#ffcc00||#ffcc00||#ffcc00||#fed501\"\n\t\t\t\t\t\t\t\tdata-xy=\"x:c;y:m;yo:-88px;\"\n\t\t\t\t\t\t\t\tdata-text=\"s:30;l:36;ls:4px,4px,4px,0px;fw:700;a:center;\"\n\t\t\t\t\t\t\t\tdata-padding=\"t:5,5,5,0;r:5,5,5,0;b:5,5,5,0;l:5,5,5,0;\"\n\t\t\t\t\t\t\t\tdata-border=\"bor:4px,4px,4px,4px;\"\n\t\t\t\t\t\t\t\tdata-frame_0=\"y:50px;\"\n\t\t\t\t\t\t\t\tdata-frame_1=\"st:300;sp:1500;sR:300;\"\n\t\t\t\t\t\t\t\tdata-frame_999=\"st:w;sR:7200;\"\n\t\t\t\t\t\t\t\tstyle=\"z-index:5;background-color:#fcfcfc;font-family:'Rajdhani';text-transform:uppercase;\"\n\t\t\t\t\t\t\t>\u00e7ukurovaroof \n\t\t\t\t\t\t\t<\/rs-layer><!--\n\n\t\t\t\t\t\t\t--><rs-layer\n\t\t\t\t\t\t\t\tid=\"slider-6-slide-19-layer-6\" \n\t\t\t\t\t\t\t\tdata-type=\"text\"\n\t\t\t\t\t\t\t\tdata-bsh=\"c:#474747;h:16px;v:11px;b:25px;\"\n\t\t\t\t\t\t\t\tdata-tsh=\"c:rgba(12,12,12,0.25);h:7px;\"\n\t\t\t\t\t\t\t\tdata-xy=\"x:c;xo:-1px,-1px,-1px,0;y:m;yo:-20px,-20px,-20px,-30px;\"\n\t\t\t\t\t\t\t\tdata-text=\"w:nowrap,nowrap,nowrap,normal;s:52,52,52,36;l:52;fw:700;a:center;\"\n\t\t\t\t\t\t\t\tdata-dim=\"w:auto,auto,auto,481px;\"\n\t\t\t\t\t\t\t\tdata-border=\"bos:solid;boc:#ffcc00;bow:0px,0px,4px,0px;\"\n\t\t\t\t\t\t\t\tdata-frame_0=\"y:50px;\"\n\t\t\t\t\t\t\t\tdata-frame_1=\"st:1000;sp:1500;sR:1000;\"\n\t\t\t\t\t\t\t\tdata-frame_999=\"st:w;sR:6500;\"\n\t\t\t\t\t\t\t\tstyle=\"z-index:6;font-family:'Rajdhani';text-transform:uppercase;\"\n\t\t\t\t\t\t\t>KAL\u0130TEL\u0130 H\u0130ZMET \n\t\t\t\t\t\t\t<\/rs-layer><!--\n-->\t\t\t\t\t\t<\/rs-slide>\n\t\t\t\t\t\t<rs-slide style=\"position: absolute;\" data-key=\"rs-20\" data-title=\"Slide\" data-thumb=\"\/\/www.cukurovaroof.com\/wp-content\/uploads\/2019\/05\/UZMAN-100x50.jpg\" data-in=\"o:0;\" data-out=\"a:false;\">\n\t\t\t\t\t\t\t<img loading=\"lazy\" decoding=\"async\" src=\"\/\/www.cukurovaroof.com\/wp-content\/plugins\/revslider\/public\/assets\/assets\/dummy.png\" title=\"UZMAN\" width=\"1739\" height=\"978\" class=\"rev-slidebg tp-rs-img rs-lazyload\" data-lazyload=\"\/\/www.cukurovaroof.com\/wp-content\/uploads\/2019\/05\/UZMAN.jpg\" data-no-retina>\n<!--\n\t\t\t\t\t\t\t--><rs-layer\n\t\t\t\t\t\t\t\tid=\"slider-6-slide-20-layer-7\" \n\t\t\t\t\t\t\t\tdata-type=\"text\"\n\t\t\t\t\t\t\t\tdata-color=\"#ffcc00||#ffcc00||#ffcc00||#fed501\"\n\t\t\t\t\t\t\t\tdata-xy=\"x:c;y:m;yo:-88px;\"\n\t\t\t\t\t\t\t\tdata-text=\"s:30;l:36;ls:4px,4px,4px,0px;fw:700;a:center;\"\n\t\t\t\t\t\t\t\tdata-padding=\"t:5,5,5,0;r:5,5,5,0;b:5,5,5,0;l:5,5,5,0;\"\n\t\t\t\t\t\t\t\tdata-border=\"bor:4px,4px,4px,4px;\"\n\t\t\t\t\t\t\t\tdata-frame_0=\"y:50px;\"\n\t\t\t\t\t\t\t\tdata-frame_1=\"st:300;sp:1500;sR:300;\"\n\t\t\t\t\t\t\t\tdata-frame_999=\"st:w;sR:7200;\"\n\t\t\t\t\t\t\t\tstyle=\"z-index:5;background-color:#fcfcfc;font-family:'Rajdhani';text-transform:uppercase;\"\n\t\t\t\t\t\t\t>\u00e7ukurovaroof \n\t\t\t\t\t\t\t<\/rs-layer><!--\n\n\t\t\t\t\t\t\t--><rs-layer\n\t\t\t\t\t\t\t\tid=\"slider-6-slide-20-layer-8\" \n\t\t\t\t\t\t\t\tdata-type=\"text\"\n\t\t\t\t\t\t\t\tdata-bsh=\"c:#474747;h:16px;v:11px;b:25px;\"\n\t\t\t\t\t\t\t\tdata-tsh=\"c:rgba(12,12,12,0.25);h:7px;\"\n\t\t\t\t\t\t\t\tdata-xy=\"x:c;xo:-1px,-1px,-1px,0;y:m;yo:-20px,-20px,-20px,-30px;\"\n\t\t\t\t\t\t\t\tdata-text=\"w:nowrap,nowrap,nowrap,normal;s:52,52,52,36;l:52;fw:700;a:center;\"\n\t\t\t\t\t\t\t\tdata-dim=\"w:auto,auto,auto,481px;\"\n\t\t\t\t\t\t\t\tdata-border=\"bos:solid;boc:#ffcc00;bow:0px,0px,4px,0px;\"\n\t\t\t\t\t\t\t\tdata-frame_0=\"y:50px;\"\n\t\t\t\t\t\t\t\tdata-frame_1=\"st:1000;sp:1500;sR:1000;\"\n\t\t\t\t\t\t\t\tdata-frame_999=\"st:w;sR:6500;\"\n\t\t\t\t\t\t\t\tstyle=\"z-index:6;font-family:'Rajdhani';text-transform:uppercase;\"\n\t\t\t\t\t\t\t>UZMAN KADRO \n\t\t\t\t\t\t\t<\/rs-layer><!--\n-->\t\t\t\t\t\t<\/rs-slide>\n\t\t\t\t\t<\/rs-slides>\n\t\t\t\t<\/rs-module>\n\t\t\t\t<script type=\"text\/javascript\">\n\t\t\t\t\tsetREVStartSize({c: 'rev_slider_6_1',rl:[1240,1024,778,480],el:[550,550,550,550],gw:[1170,1024,767,480],gh:[550,550,550,550],type:'standard',justify:'',layout:'fullwidth',mh:\"0\"});if (window.RS_MODULES!==undefined && window.RS_MODULES.modules!==undefined && window.RS_MODULES.modules[\"revslider61\"]!==undefined) {window.RS_MODULES.modules[\"revslider61\"].once = false;window.revapi6 = undefined;window.RS_MODULES.checkMinimal()}\n\t\t\t\t<\/script>\n\t\t\t<\/rs-module-wrap>\n\t\t\t<!-- END REVOLUTION SLIDER -->\n<\/div>\n\t\t\t\t<\/div>\n\t\t\t\t<\/div>\n\t\t\t\t\t<\/div>\n\t\t<\/div>\n\t\t\t\t\t\t\t<\/div>\n\t\t<\/section>\n\t\t\t\t<section class=\"elementor-section elementor-top-section elementor-element elementor-element-9912514 elementor-reverse-mobile elementor-section-boxed elementor-section-height-default elementor-section-height-default\" data-id=\"9912514\" data-element_type=\"section\">\n\t\t\t\t\t\t\t<div class=\"elementor-background-overlay\"><\/div>\n\t\t\t\t\t\t\t<div class=\"elementor-container elementor-column-gap-default\">\n\t\t\t\t\t<div class=\"elementor-column elementor-col-66 elementor-top-column elementor-element elementor-element-7f85fbc\" data-id=\"7f85fbc\" data-element_type=\"column\">\n\t\t\t<div class=\"elementor-widget-wrap elementor-element-populated\">\n\t\t\t\t\t\t\t\t<div class=\"elementor-element elementor-element-991b67c elementor-widget elementor-widget-ova_heading\" data-id=\"991b67c\" data-element_type=\"widget\" data-widget_type=\"ova_heading.default\">\n\t\t\t\t<div class=\"elementor-widget-container\">\n\t\t\t\t\t<div class=\"ova-heading\">\n\t\t\t\t\t\t\t<h4 class=\"sub-title second_font\"><span><\/span>Hizmetlerimiz\n<\/h4>\n\t\t\t\t\t\t\n\t\t\t\t\t\t\t<div class=\"desc\"><ul>\n \t<li>Asbest Envanter Raporu<\/li>\n \t<li>Asbest S\u00f6k\u00fcm Hizmeti<\/li>\n \t<li>\u00c7at\u0131 ve Cephe Sistemleri<\/li>\n \t<li>Bah\u00e7e Kamp Ya\u015fam Konteyner Uygulamalar\u0131<\/li>\n \t<li>Teras Sistemleri<\/li>\n \t<li>Tel \u00d6rg\u00fc ve \u00c7it Sistemleri<\/li>\n \t<li>Kamelya Sistemleri<\/li>\n \t<li>M\u00fchendislik ve Dan\u0131\u015fmanl\u0131k Hizmetleri<\/li>\n<\/ul><\/div>\n\t\t\t\t\t\t\t\t\t\t<div class=\"button\">\n\t\t\t\t\t\t\t\t\t\t<a target=\"_self\" href=\"https:\/\/www.cukurovaroof.com\/index.php\/teklif-iste\/\">TEKL\u0130F \u0130STE<\/a>\n\t\t\t\t<\/div>\n\t\t\t\t\t<\/div>\n\t\t\t\t<\/div>\n\t\t\t\t<\/div>\n\t\t\t\t\t<\/div>\n\t\t<\/div>\n\t\t\t\t<div class=\"elementor-column elementor-col-33 elementor-top-column elementor-element elementor-element-446a2c9\" data-id=\"446a2c9\" data-element_type=\"column\">\n\t\t\t<div class=\"elementor-widget-wrap elementor-element-populated\">\n\t\t\t\t\t\t\t\t<div class=\"elementor-element elementor-element-3f3827c elementor-widget elementor-widget-image\" data-id=\"3f3827c\" data-element_type=\"widget\" data-widget_type=\"image.default\">\n\t\t\t\t<div class=\"elementor-widget-container\">\n\t\t\t\t\t\t\t\t\t\t\t\t\t\t\t<img loading=\"lazy\" decoding=\"async\" width=\"400\" height=\"500\" src=\"https:\/\/www.cukurovaroof.com\/wp-content\/uploads\/2024\/04\/asbest-sokumu-cukurova-roof-400x500.jpg\" class=\"attachment-feature_image_vertical size-feature_image_vertical\" alt=\"\" \/>\t\t\t\t\t\t\t\t\t\t\t\t\t\t\t<\/div>\n\t\t\t\t<\/div>\n\t\t\t\t\t<\/div>\n\t\t<\/div>\n\t\t\t\t\t\t\t<\/div>\n\t\t<\/section>\n\t\t\t\t<section class=\"elementor-section elementor-top-section elementor-element elementor-element-0c6c5c4 elementor-section-boxed elementor-section-height-default elementor-section-height-default\" data-id=\"0c6c5c4\" data-element_type=\"section\" data-settings=\"{&quot;background_background&quot;:&quot;classic&quot;}\">\n\t\t\t\t\t\t\t<div class=\"elementor-background-overlay\"><\/div>\n\t\t\t\t\t\t\t<div class=\"elementor-container elementor-column-gap-no\">\n\t\t\t\t\t<div class=\"elementor-column elementor-col-100 elementor-top-column elementor-element elementor-element-43b3012\" data-id=\"43b3012\" data-element_type=\"column\" data-settings=\"{&quot;background_background&quot;:&quot;classic&quot;}\">\n\t\t\t<div class=\"elementor-widget-wrap elementor-element-populated\">\n\t\t\t\t\t\t\t\t<div class=\"elementor-element elementor-element-cf8b42b elementor-widget elementor-widget-shortcode\" data-id=\"cf8b42b\" data-element_type=\"widget\" data-widget_type=\"shortcode.default\">\n\t\t\t\t<div class=\"elementor-widget-container\">\n\t\t\t\t\t<div class=\"elementor-shortcode\"><div role=\"form\" class=\"wpcf7\" id=\"wpcf7-f788-o1\" lang=\"en-US\" dir=\"ltr\">\n<div class=\"screen-reader-response\"><p role=\"status\" aria-live=\"polite\" aria-atomic=\"true\"><\/p> <ul><\/ul><\/div>\n<form action=\"\/index.php\/wp-json\/wp\/v2\/pages\/193#wpcf7-f788-o1\" method=\"post\" class=\"wpcf7-form init\" novalidate=\"novalidate\" data-status=\"init\">\n<div style=\"display: none;\">\n<input type=\"hidden\" name=\"_wpcf7\" value=\"788\" \/>\n<input type=\"hidden\" name=\"_wpcf7_version\" value=\"5.4.2\" \/>\n<input type=\"hidden\" name=\"_wpcf7_locale\" value=\"en_US\" \/>\n<input type=\"hidden\" name=\"_wpcf7_unit_tag\" value=\"wpcf7-f788-o1\" \/>\n<input type=\"hidden\" name=\"_wpcf7_container_post\" value=\"0\" \/>\n<input type=\"hidden\" name=\"_wpcf7_posted_data_hash\" value=\"\" \/>\n<\/div>\n<div class=\"contact-1\">\n<h3 class=\"title second_font\">S\u0130Z\u0130 ARAYALIM<\/h3>\n<p class=\"sub-title\">End\u00fcstriyel \u00c7at\u0131 Uygulamalar\u0131 konusunda \u00fccretsiz dan\u0131\u015fmanl\u0131k almak i\u00e7in formu doldurabilirsiz. Temsilcimiz en k\u0131sa s\u00fcrede size geri d\u00f6n\u00fc\u015f yapacakt\u0131r.<\/p>\n<p><label> Ad\u0131n\u0131z Soyad\u0131n\u0131z *<br \/>\n    <span class=\"wpcf7-form-control-wrap your-name\"><input type=\"text\" name=\"your-name\" value=\"\" size=\"40\" class=\"wpcf7-form-control wpcf7-text wpcf7-validates-as-required\" aria-required=\"true\" aria-invalid=\"false\" \/><\/span> <\/label><\/p>\n<p><label> Mail Adresiniz *<br \/>\n    <span class=\"wpcf7-form-control-wrap your-email\"><input type=\"email\" name=\"your-email\" value=\"\" size=\"40\" class=\"wpcf7-form-control wpcf7-text wpcf7-email wpcf7-validates-as-required wpcf7-validates-as-email\" aria-required=\"true\" aria-invalid=\"false\" \/><\/span> <\/label><\/p>\n<p><label> Telefon Numaran\u0131z<br \/>\n    <span class=\"wpcf7-form-control-wrap tel-592\"><input type=\"tel\" name=\"tel-592\" value=\"\" size=\"40\" class=\"wpcf7-form-control wpcf7-text wpcf7-tel wpcf7-validates-as-tel\" aria-invalid=\"false\" \/><\/span> <\/label><\/p>\n<p><input type=\"submit\" value=\"G\u00d6NDER\" class=\"wpcf7-form-control wpcf7-submit\" \/>\n<\/p><\/div>\n<div class=\"wpcf7-response-output\" aria-hidden=\"true\"><\/div><\/form><\/div><\/div>\n\t\t\t\t<\/div>\n\t\t\t\t<\/div>\n\t\t\t\t\t<\/div>\n\t\t<\/div>\n\t\t\t\t\t\t\t<\/div>\n\t\t<\/section>\n\t\t\t\t<section class=\"elementor-section elementor-top-section elementor-element elementor-element-d293a73 elementor-section-boxed elementor-section-height-default elementor-section-height-default\" data-id=\"d293a73\" data-element_type=\"section\">\n\t\t\t\t\t\t\t<div class=\"elementor-background-overlay\"><\/div>\n\t\t\t\t\t\t\t<div class=\"elementor-container elementor-column-gap-default\">\n\t\t\t\t\t<div class=\"elementor-column elementor-col-100 elementor-top-column elementor-element elementor-element-3ad4036\" data-id=\"3ad4036\" data-element_type=\"column\">\n\t\t\t<div class=\"elementor-widget-wrap elementor-element-populated\">\n\t\t\t\t\t\t\t\t<div class=\"elementor-element elementor-element-484dcfa elementor-widget elementor-widget-ova_heading\" data-id=\"484dcfa\" data-element_type=\"widget\" data-widget_type=\"ova_heading.default\">\n\t\t\t\t<div class=\"elementor-widget-container\">\n\t\t\t\t\t<div class=\"ova-heading\">\n\t\t\t\t\t\t\t<div class=\"sub-title second_font\"><span><\/span>\u00c7ATI S\u0130STEMLER\u0130<\/div>\n\t\t\t\t\t\t\n\t\t\t\t\t\t\t\t<\/div>\n\t\t\t\t<\/div>\n\t\t\t\t<\/div>\n\t\t\t\t<div class=\"elementor-element elementor-element-e3e4921 elementor-widget elementor-widget-ova_blog_slider\" data-id=\"e3e4921\" data-element_type=\"widget\" data-settings=\"{&quot;pause_on_hover&quot;:&quot;yes&quot;,&quot;infinite&quot;:&quot;yes&quot;,&quot;autoplay&quot;:&quot;yes&quot;,&quot;autoplay_speed&quot;:3000}\" data-widget_type=\"ova_blog_slider.default\">\n\t\t\t\t<div class=\"elementor-widget-container\">\n\t\t\t\t\t<div class=\"ova-blog-slider version_1\">\n\t\t\t<div class=\"blog-slider  owl-carousel owl-theme owl-loaded\" data-options=\"{&quot;slideBy&quot;:&quot;1&quot;,&quot;margin&quot;:30,&quot;autoplayHoverPause&quot;:true,&quot;loop&quot;:true,&quot;autoplay&quot;:true,&quot;autoplayTimeout&quot;:3000,&quot;smartSpeed&quot;:500,&quot;dots&quot;:false,&quot;nav&quot;:true}\">\n\t\t\t\t\n\t\t\t\t\t<div class=\"item-blog\">\n\t\t\t\t\t\t\t\t\t\t\t\t\t<div class=\"ova-media\">\n\t\t\t\t\t\t\t\t<img decoding=\"async\" src=\"https:\/\/www.cukurovaroof.com\/wp-content\/uploads\/2019\/06\/services_img_2-1.jpg\" alt=\"END\u00dcSTR\u0130YEL \u00c7ATI S\u0130STEMLER\u0130\">\n\t\t\t\t\t\t\t\t\t\t\t\t\t\t\t<\/div>\n\t\t\t\t\t\t\n\t\t\t\t\t\t<div class=\"content\">\n\n\t\t\t\t\t\t\t\t\t\t\t\t\t\t\t<div class=\"title\">\n\t\t\t\t\t\t\t\t\t<h3><a class=\"second_font\" href=\"https:\/\/www.cukurovaroof.com\/index.php\/2021\/10\/17\/endustriyel-cati-sistemleri\/\">END\u00dcSTR\u0130YEL \u00c7ATI S\u0130STEMLER\u0130<\/a><\/h3>\n\t\t\t\t\t\t\t\t<\/div>\n\t\t\t\t\t\t\t\n\t\t\t\t\t\t\t\t\t\t\t\t\n\n\t\t\t\t\t\t\t\n\t\t\t\t\t\t\t\t\t\t\t\t\t\t\t<div class=\"readmore\">\n\t\t\t\t\t\t\t\t\t<a href=\"https:\/\/www.cukurovaroof.com\/index.php\/2021\/10\/17\/endustriyel-cati-sistemleri\/\">Devam\u0131n\u0131 Oku\t\t\t\t\t\t\t\t<\/a>\n\t\t\t\t\t\t\t<\/div>\n\t\t\t\t\t\t\n\t\t\t\t\t<\/div>\n\t\t\t\t<\/div>\n\t\t\t\t\n\t\t\t\t\t<div class=\"item-blog\">\n\t\t\t\t\t\t\t\t\t\t\t\t\t<div class=\"ova-media\">\n\t\t\t\t\t\t\t\t<img decoding=\"async\" src=\"https:\/\/www.cukurovaroof.com\/wp-content\/uploads\/2021\/10\/Fabrika-Binasi-Catisi.jpg\" alt=\"FABR\u0130KALARDA \u00c7EL\u0130K \u00c7ATI KULLANIMI\">\n\t\t\t\t\t\t\t\t\t\t\t\t\t\t\t<\/div>\n\t\t\t\t\t\t\n\t\t\t\t\t\t<div class=\"content\">\n\n\t\t\t\t\t\t\t\t\t\t\t\t\t\t\t<div class=\"title\">\n\t\t\t\t\t\t\t\t\t<h3><a class=\"second_font\" href=\"https:\/\/www.cukurovaroof.com\/index.php\/2021\/10\/24\/fabrikalarda-celik-cati-kullanimi\/\">FABR\u0130KALARDA \u00c7EL\u0130K \u00c7ATI KULLANIMI<\/a><\/h3>\n\t\t\t\t\t\t\t\t<\/div>\n\t\t\t\t\t\t\t\n\t\t\t\t\t\t\t\t\t\t\t\t\n\n\t\t\t\t\t\t\t\n\t\t\t\t\t\t\t\t\t\t\t\t\t\t\t<div class=\"readmore\">\n\t\t\t\t\t\t\t\t\t<a href=\"https:\/\/www.cukurovaroof.com\/index.php\/2021\/10\/24\/fabrikalarda-celik-cati-kullanimi\/\">Devam\u0131n\u0131 Oku\t\t\t\t\t\t\t\t<\/a>\n\t\t\t\t\t\t\t<\/div>\n\t\t\t\t\t\t\n\t\t\t\t\t<\/div>\n\t\t\t\t<\/div>\n\t\t\t\t\n\t\t\t\t\t<div class=\"item-blog\">\n\t\t\t\t\t\t\t\t\t\t\t\t\t<div class=\"ova-media\">\n\t\t\t\t\t\t\t\t<img decoding=\"async\" src=\"https:\/\/www.cukurovaroof.com\/wp-content\/uploads\/2021\/10\/calik-cati-sistemleri.jpg\" alt=\"\u00c7ATI YALITIMININ FAYDALARI\">\n\t\t\t\t\t\t\t\t\t\t\t\t\t\t\t<\/div>\n\t\t\t\t\t\t\n\t\t\t\t\t\t<div class=\"content\">\n\n\t\t\t\t\t\t\t\t\t\t\t\t\t\t\t<div class=\"title\">\n\t\t\t\t\t\t\t\t\t<h3><a class=\"second_font\" href=\"https:\/\/www.cukurovaroof.com\/index.php\/2021\/10\/24\/cati-yalitiminin-faydalari\/\">\u00c7ATI YALITIMININ FAYDALARI<\/a><\/h3>\n\t\t\t\t\t\t\t\t<\/div>\n\t\t\t\t\t\t\t\n\t\t\t\t\t\t\t\t\t\t\t\t\n\n\t\t\t\t\t\t\t\n\t\t\t\t\t\t\t\t\t\t\t\t\t\t\t<div class=\"readmore\">\n\t\t\t\t\t\t\t\t\t<a href=\"https:\/\/www.cukurovaroof.com\/index.php\/2021\/10\/24\/cati-yalitiminin-faydalari\/\">Devam\u0131n\u0131 Oku\t\t\t\t\t\t\t\t<\/a>\n\t\t\t\t\t\t\t<\/div>\n\t\t\t\t\t\t\n\t\t\t\t\t<\/div>\n\t\t\t\t<\/div>\n\t\t\t\t\n\t\t<\/div>\n\t<\/div>\n\t\t\t<\/div>\n\t\t\t\t<\/div>\n\t\t\t\t\t<\/div>\n\t\t<\/div>\n\t\t\t\t\t\t\t<\/div>\n\t\t<\/section>\n\t\t\t\t\t\t<\/div>\n\t\t\t\t\t<\/div>\n\t\t","protected":false},"excerpt":{"rendered":"<p>Hizmetlerimiz Asbest Envanter Raporu Asbest S\u00f6k\u00fcm Hizmeti \u00c7at\u0131 ve Cephe Sistemleri Bah\u00e7e Kamp Ya\u015fam Konteyner Uygulamalar\u0131 Teras Sistemleri Tel \u00d6rg\u00fc ve \u00c7it Sistemleri Kamelya Sistemleri M\u00fchendislik ve Dan\u0131\u015fmanl\u0131k Hizmetleri TEKL\u0130F \u0130STE \u00c7ATI S\u0130STEMLER\u0130 END\u00dcSTR\u0130YEL \u00c7ATI S\u0130STEMLER\u0130 Devam\u0131n\u0131 Oku FABR\u0130KALARDA \u00c7EL\u0130K \u00c7ATI KULLANIMI Devam\u0131n\u0131 Oku \u00c7ATI YALITIMININ FAYDALARI Devam\u0131n\u0131 Oku<\/p>\n","protected":false},"author":1,"featured_media":0,"parent":0,"menu_order":0,"comment_status":"closed","ping_status":"closed","template":"elementor_header_footer","meta":{"footnotes":""},"_links":{"self":[{"href":"https:\/\/www.cukurovaroof.com\/index.php\/wp-json\/wp\/v2\/pages\/193"}],"collection":[{"href":"https:\/\/www.cukurovaroof.com\/index.php\/wp-json\/wp\/v2\/pages"}],"about":[{"href":"https:\/\/www.cukurovaroof.com\/index.php\/wp-json\/wp\/v2\/types\/page"}],"author":[{"embeddable":true,"href":"https:\/\/www.cukurovaroof.com\/index.php\/wp-json\/wp\/v2\/users\/1"}],"replies":[{"embeddable":true,"href":"https:\/\/www.cukurovaroof.com\/index.php\/wp-json\/wp\/v2\/comments?post=193"}],"version-history":[{"count":103,"href":"https:\/\/www.cukurovaroof.com\/index.php\/wp-json\/wp\/v2\/pages\/193\/revisions"}],"predecessor-version":[{"id":3501,"href":"https:\/\/www.cukurovaroof.com\/index.php\/wp-json\/wp\/v2\/pages\/193\/revisions\/3501"}],"wp:attachment":[{"href":"https:\/\/www.cukurovaroof.com\/index.php\/wp-json\/wp\/v2\/media?parent=193"}],"curies":[{"name":"wp","href":"https:\/\/api.w.org\/{rel}","templated":true}]}}