{"id":3292,"date":"2022-11-01T21:08:57","date_gmt":"2022-11-01T18:08:57","guid":{"rendered":"https:\/\/www.cukurovaroof.com\/?page_id=3292"},"modified":"2022-11-01T21:48:35","modified_gmt":"2022-11-01T18:48:35","slug":"teras-sistemleri","status":"publish","type":"page","link":"https:\/\/www.cukurovaroof.com\/index.php\/teras-sistemleri\/","title":{"rendered":"Teras Sistemleri"},"content":{"rendered":"\t\t<div data-elementor-type=\"wp-post\" data-elementor-id=\"3292\" class=\"elementor elementor-3292\" data-elementor-settings=\"[]\">\n\t\t\t\t\t\t\t<div class=\"elementor-section-wrap\">\n\t\t\t\t\t\t\t<section class=\"elementor-section elementor-top-section elementor-element elementor-element-e8819a9 elementor-reverse-tablet elementor-reverse-mobile elementor-section-boxed elementor-section-height-default elementor-section-height-default\" data-id=\"e8819a9\" data-element_type=\"section\">\n\t\t\t\t\t\t<div class=\"elementor-container elementor-column-gap-default\">\n\t\t\t\t\t<div class=\"elementor-column elementor-col-100 elementor-top-column elementor-element elementor-element-4af4ec2\" data-id=\"4af4ec2\" data-element_type=\"column\">\n\t\t\t<div class=\"elementor-widget-wrap elementor-element-populated\">\n\t\t\t\t\t\t\t\t<section class=\"elementor-section elementor-inner-section elementor-element elementor-element-465aa4f elementor-section-boxed elementor-section-height-default elementor-section-height-default\" data-id=\"465aa4f\" data-element_type=\"section\">\n\t\t\t\t\t\t<div class=\"elementor-container elementor-column-gap-no\">\n\t\t\t\t\t<div class=\"elementor-column elementor-col-50 elementor-inner-column elementor-element elementor-element-33aebf4\" data-id=\"33aebf4\" data-element_type=\"column\">\n\t\t\t<div class=\"elementor-widget-wrap elementor-element-populated\">\n\t\t\t\t\t\t\t\t<div class=\"elementor-element elementor-element-5949d62 elementor-widget elementor-widget-image\" data-id=\"5949d62\" data-element_type=\"widget\" data-widget_type=\"image.default\">\n\t\t\t\t<div class=\"elementor-widget-container\">\n\t\t\t\t\t\t\t\t\t\t\t\t\t\t\t<img loading=\"lazy\" decoding=\"async\" width=\"639\" height=\"545\" src=\"https:\/\/www.cukurovaroof.com\/wp-content\/uploads\/2022\/11\/teras-kaplama.jpg\" class=\"attachment-full size-full\" alt=\"\" srcset=\"https:\/\/www.cukurovaroof.com\/wp-content\/uploads\/2022\/11\/teras-kaplama.jpg 639w, https:\/\/www.cukurovaroof.com\/wp-content\/uploads\/2022\/11\/teras-kaplama-300x256.jpg 300w\" sizes=\"(max-width: 639px) 100vw, 639px\" \/>\t\t\t\t\t\t\t\t\t\t\t\t\t\t\t<\/div>\n\t\t\t\t<\/div>\n\t\t\t\t\t<\/div>\n\t\t<\/div>\n\t\t\t\t<div class=\"elementor-column elementor-col-50 elementor-inner-column elementor-element elementor-element-7e79941\" data-id=\"7e79941\" data-element_type=\"column\">\n\t\t\t<div class=\"elementor-widget-wrap elementor-element-populated\">\n\t\t\t\t\t\t\t\t<div class=\"elementor-element elementor-element-6dd2a0c elementor-widget elementor-widget-text-editor\" data-id=\"6dd2a0c\" data-element_type=\"widget\" data-widget_type=\"text-editor.default\">\n\t\t\t\t<div class=\"elementor-widget-container\">\n\t\t\t\t\t\t\t<h4 class=\"t1-b-3 cl-3 m-b-11 text-center\">Teras Sistemleri<\/h4><p>Teras sistemleri ; \u00fcst\u00fc a\u00e7\u0131k teraslar\u0131n ve mekanlar\u0131n, \u00e7elik konst\u00fcriks\u00fcyon g\u00f6vde veya ah\u015fap g\u00f6vde direkler kullan\u0131larak iskelet yap\u0131 olu\u015fumundan sonra Cam,\u015eing\u0131l mebran veya Pergola Tente malzemeler ile kapat\u0131lma uygulamas\u0131d\u0131r. Dikey olarak kalan b\u00f6l\u00fcmler (\u00f6n ve yan cepheler) katlan\u0131r cam sistemleri kullan\u0131larak tamamen kapat\u0131lmaktad\u0131r.<\/p><p>D\u0131\u015f tavan b\u00f6l\u00fcm\u00fc cam, kiremit,mebran,osb,alt\u0131 zifti,\u015fing\u0131l izolasyon malzemeler kullan\u0131larak i\u00e7 tavan y\u00fczeyinde ise Al\u00e7\u0131pan,ah\u015fap lambiri, plastik lambiri veya kompozit malzemeler uygulanabilmektedir. \u0130ste\u011fe ba\u011fl\u0131 olarak motorlu tente veya cam a\u00e7\u0131l\u0131r kapan\u0131r tavan sistemlerin de kullan\u0131lmas\u0131 m\u00fcmk\u00fcnd\u00fcr.<\/p><p>Teraslar bu sayede kullan\u0131\u015fs\u0131z bir alan olmaktan kurtulmakta ve ya\u015fam alanlar\u0131na d\u00f6n\u00fc\u015fmektedir. Ayr\u0131ca terasl\u0131 dairelerin genelde \u0131s\u0131nma ve su yal\u0131t\u0131m sorunu vard\u0131r ve d\u0131\u015fardan gelen so\u011fuk ortam\u0131 do\u011frudan etkiler. Bu nedenle ortamda bulunan \u0131s\u0131 de\u011feri d\u00fc\u015fer. K\u0131\u015f ve sonbahar aylar\u0131nda daha s\u0131cak ve ferah bir ortamda bulunman\u0131z\u0131 sa\u011flar.<\/p><p>Teraslarda ya\u015fan\u0131lan di\u011fer bir problem, yaz\u0131n s\u0131cak k\u0131\u015f\u0131n ise so\u011fuk olmas\u0131 nedeniyle sa\u011fl\u0131kl\u0131 olarak kullan\u0131lamayan \u00f6nemli ya\u015fam alanlar\u0131 olmas\u0131d\u0131r. Teras kapatma ve katlan\u0131r cam sistemlerin uygulanmas\u0131 sonras\u0131nda teras tamamen kapat\u0131l\u0131r ve k\u0131\u015f\u0131n d\u0131\u015fardan gelen so\u011fuk havay\u0131 keser, bu sayede ortam\u0131n s\u0131cakl\u0131k derecesi korunabilmektedir. Cam \u00e7at\u0131 ve cam tavan uygulamalar\u0131nda g\u00f6lgelendirme i\u00e7in i\u00e7ten motorlu yatay perdeler kullan\u0131lmaktad\u0131r.<\/p><p>Yaz\u0131n ise kapat\u0131lan sistemi tamamen a\u00e7arak serin ve ferah bir ortamda ya\u015faman\u0131z\u0131 sa\u011flar. \u00c7at\u0131 ve teras kapatma sistemleri sayesinde teras\u0131n\u0131zda d\u00f6rt mevsim g\u00fczelli\u011fini ya\u015faman\u0131z\u0131 sa\u011flar.<\/p>\t\t\t\t\t\t<\/div>\n\t\t\t\t<\/div>\n\t\t\t\t\t<\/div>\n\t\t<\/div>\n\t\t\t\t\t\t\t<\/div>\n\t\t<\/section>\n\t\t\t\t\t<\/div>\n\t\t<\/div>\n\t\t\t\t\t\t\t<\/div>\n\t\t<\/section>\n\t\t\t\t\t\t<\/div>\n\t\t\t\t\t<\/div>\n\t\t","protected":false},"excerpt":{"rendered":"<p>Teras Sistemleri Teras sistemleri ; \u00fcst\u00fc a\u00e7\u0131k teraslar\u0131n ve mekanlar\u0131n, \u00e7elik konst\u00fcriks\u00fcyon g\u00f6vde veya ah\u015fap g\u00f6vde direkler kullan\u0131larak iskelet yap\u0131 olu\u015fumundan sonra Cam,\u015eing\u0131l mebran veya Pergola Tente malzemeler ile kapat\u0131lma uygulamas\u0131d\u0131r. Dikey olarak kalan b\u00f6l\u00fcmler (\u00f6n ve yan cepheler) katlan\u0131r cam sistemleri kullan\u0131larak tamamen kapat\u0131lmaktad\u0131r. D\u0131\u015f tavan b\u00f6l\u00fcm\u00fc cam, kiremit,mebran,osb,alt\u0131 zifti,\u015fing\u0131l izolasyon malzemeler kullan\u0131larak i\u00e7 [&hellip;]<\/p>\n","protected":false},"author":1,"featured_media":0,"parent":0,"menu_order":0,"comment_status":"closed","ping_status":"closed","template":"elementor_header_footer","meta":{"footnotes":""},"_links":{"self":[{"href":"https:\/\/www.cukurovaroof.com\/index.php\/wp-json\/wp\/v2\/pages\/3292"}],"collection":[{"href":"https:\/\/www.cukurovaroof.com\/index.php\/wp-json\/wp\/v2\/pages"}],"about":[{"href":"https:\/\/www.cukurovaroof.com\/index.php\/wp-json\/wp\/v2\/types\/page"}],"author":[{"embeddable":true,"href":"https:\/\/www.cukurovaroof.com\/index.php\/wp-json\/wp\/v2\/users\/1"}],"replies":[{"embeddable":true,"href":"https:\/\/www.cukurovaroof.com\/index.php\/wp-json\/wp\/v2\/comments?post=3292"}],"version-history":[{"count":7,"href":"https:\/\/www.cukurovaroof.com\/index.php\/wp-json\/wp\/v2\/pages\/3292\/revisions"}],"predecessor-version":[{"id":3332,"href":"https:\/\/www.cukurovaroof.com\/index.php\/wp-json\/wp\/v2\/pages\/3292\/revisions\/3332"}],"wp:attachment":[{"href":"https:\/\/www.cukurovaroof.com\/index.php\/wp-json\/wp\/v2\/media?parent=3292"}],"curies":[{"name":"wp","href":"https:\/\/api.w.org\/{rel}","templated":true}]}}