{"id":3294,"date":"2022-11-01T21:09:18","date_gmt":"2022-11-01T18:09:18","guid":{"rendered":"https:\/\/www.cukurovaroof.com\/?page_id=3294"},"modified":"2022-11-01T22:02:43","modified_gmt":"2022-11-01T19:02:43","slug":"kamelya-sistemleri","status":"publish","type":"page","link":"https:\/\/www.cukurovaroof.com\/index.php\/kamelya-sistemleri\/","title":{"rendered":"Kamelya Sistemleri"},"content":{"rendered":"\t\t<div data-elementor-type=\"wp-post\" data-elementor-id=\"3294\" class=\"elementor elementor-3294\" data-elementor-settings=\"[]\">\n\t\t\t\t\t\t\t<div class=\"elementor-section-wrap\">\n\t\t\t\t\t\t\t<section class=\"elementor-section elementor-top-section elementor-element elementor-element-e8819a9 elementor-reverse-tablet elementor-reverse-mobile elementor-section-boxed elementor-section-height-default elementor-section-height-default\" data-id=\"e8819a9\" data-element_type=\"section\">\n\t\t\t\t\t\t<div class=\"elementor-container elementor-column-gap-default\">\n\t\t\t\t\t<div class=\"elementor-column elementor-col-100 elementor-top-column elementor-element elementor-element-4af4ec2\" data-id=\"4af4ec2\" data-element_type=\"column\">\n\t\t\t<div class=\"elementor-widget-wrap elementor-element-populated\">\n\t\t\t\t\t\t\t\t<section class=\"elementor-section elementor-inner-section elementor-element elementor-element-465aa4f elementor-section-boxed elementor-section-height-default elementor-section-height-default\" data-id=\"465aa4f\" data-element_type=\"section\">\n\t\t\t\t\t\t<div class=\"elementor-container elementor-column-gap-no\">\n\t\t\t\t\t<div class=\"elementor-column elementor-col-50 elementor-inner-column elementor-element elementor-element-33aebf4\" data-id=\"33aebf4\" data-element_type=\"column\">\n\t\t\t<div class=\"elementor-widget-wrap elementor-element-populated\">\n\t\t\t\t\t\t\t\t<div class=\"elementor-element elementor-element-5949d62 elementor-widget elementor-widget-image\" data-id=\"5949d62\" data-element_type=\"widget\" data-widget_type=\"image.default\">\n\t\t\t\t<div class=\"elementor-widget-container\">\n\t\t\t\t\t\t\t\t\t\t\t\t\t\t\t<img loading=\"lazy\" decoding=\"async\" width=\"1920\" height=\"963\" src=\"https:\/\/www.cukurovaroof.com\/wp-content\/uploads\/2022\/11\/kamelya.jpg\" class=\"attachment-full size-full\" alt=\"\" srcset=\"https:\/\/www.cukurovaroof.com\/wp-content\/uploads\/2022\/11\/kamelya.jpg 1920w, https:\/\/www.cukurovaroof.com\/wp-content\/uploads\/2022\/11\/kamelya-300x150.jpg 300w, https:\/\/www.cukurovaroof.com\/wp-content\/uploads\/2022\/11\/kamelya-1024x514.jpg 1024w, https:\/\/www.cukurovaroof.com\/wp-content\/uploads\/2022\/11\/kamelya-768x385.jpg 768w, https:\/\/www.cukurovaroof.com\/wp-content\/uploads\/2022\/11\/kamelya-1536x770.jpg 1536w\" sizes=\"(max-width: 1920px) 100vw, 1920px\" \/>\t\t\t\t\t\t\t\t\t\t\t\t\t\t\t<\/div>\n\t\t\t\t<\/div>\n\t\t\t\t\t<\/div>\n\t\t<\/div>\n\t\t\t\t<div class=\"elementor-column elementor-col-50 elementor-inner-column elementor-element elementor-element-7e79941\" data-id=\"7e79941\" data-element_type=\"column\">\n\t\t\t<div class=\"elementor-widget-wrap elementor-element-populated\">\n\t\t\t\t\t\t\t\t<div class=\"elementor-element elementor-element-6dd2a0c elementor-widget elementor-widget-text-editor\" data-id=\"6dd2a0c\" data-element_type=\"widget\" data-widget_type=\"text-editor.default\">\n\t\t\t\t<div class=\"elementor-widget-container\">\n\t\t\t\t\t\t\t<h4 class=\"t1-b-3 cl-3 m-b-11 text-center\">Kamelya Sistemleri<\/h4><p>Tasar\u0131m\u0131 ve projesinden sonra montaj\u0131 yap\u0131lan kamelyalar, uyguland\u0131\u011f\u0131 bah\u00e7e alan\u0131nda uzun y\u0131llar hizmet vermesi beklenir. Teknik a\u00e7\u0131dan da bir \u00e7ok gereklili\u011fin yerine getirilmesiyle bu amac\u0131na hizmet etmi\u015f olacakt\u0131r. Kullan\u0131lacak malzemenin kalitesi, i\u015fleni\u015fi di\u011fer aksamlar ile olan uyumu ve b\u00fct\u00fcn bunlara ek olarak dayan\u0131kl\u0131l\u0131\u011f\u0131n\u0131n art\u0131r\u0131lmas\u0131 i\u00e7in gerekli olan i\u015flemler mutlaka atlanmamas\u0131 gereken a\u015famalard\u0131r.<\/p>\t\t\t\t\t\t<\/div>\n\t\t\t\t<\/div>\n\t\t\t\t\t<\/div>\n\t\t<\/div>\n\t\t\t\t\t\t\t<\/div>\n\t\t<\/section>\n\t\t\t\t\t<\/div>\n\t\t<\/div>\n\t\t\t\t\t\t\t<\/div>\n\t\t<\/section>\n\t\t\t\t\t\t<\/div>\n\t\t\t\t\t<\/div>\n\t\t","protected":false},"excerpt":{"rendered":"<p>Kamelya Sistemleri Tasar\u0131m\u0131 ve projesinden sonra montaj\u0131 yap\u0131lan kamelyalar, uyguland\u0131\u011f\u0131 bah\u00e7e alan\u0131nda uzun y\u0131llar hizmet vermesi beklenir. Teknik a\u00e7\u0131dan da bir \u00e7ok gereklili\u011fin yerine getirilmesiyle bu amac\u0131na hizmet etmi\u015f olacakt\u0131r. Kullan\u0131lacak malzemenin kalitesi, i\u015fleni\u015fi di\u011fer aksamlar ile olan uyumu ve b\u00fct\u00fcn bunlara ek olarak dayan\u0131kl\u0131l\u0131\u011f\u0131n\u0131n art\u0131r\u0131lmas\u0131 i\u00e7in gerekli olan i\u015flemler mutlaka atlanmamas\u0131 gereken a\u015famalard\u0131r.<\/p>\n","protected":false},"author":1,"featured_media":0,"parent":0,"menu_order":0,"comment_status":"closed","ping_status":"closed","template":"elementor_header_footer","meta":{"footnotes":""},"_links":{"self":[{"href":"https:\/\/www.cukurovaroof.com\/index.php\/wp-json\/wp\/v2\/pages\/3294"}],"collection":[{"href":"https:\/\/www.cukurovaroof.com\/index.php\/wp-json\/wp\/v2\/pages"}],"about":[{"href":"https:\/\/www.cukurovaroof.com\/index.php\/wp-json\/wp\/v2\/types\/page"}],"author":[{"embeddable":true,"href":"https:\/\/www.cukurovaroof.com\/index.php\/wp-json\/wp\/v2\/users\/1"}],"replies":[{"embeddable":true,"href":"https:\/\/www.cukurovaroof.com\/index.php\/wp-json\/wp\/v2\/comments?post=3294"}],"version-history":[{"count":7,"href":"https:\/\/www.cukurovaroof.com\/index.php\/wp-json\/wp\/v2\/pages\/3294\/revisions"}],"predecessor-version":[{"id":3346,"href":"https:\/\/www.cukurovaroof.com\/index.php\/wp-json\/wp\/v2\/pages\/3294\/revisions\/3346"}],"wp:attachment":[{"href":"https:\/\/www.cukurovaroof.com\/index.php\/wp-json\/wp\/v2\/media?parent=3294"}],"curies":[{"name":"wp","href":"https:\/\/api.w.org\/{rel}","templated":true}]}}