{"id":3437,"date":"2024-03-18T20:25:41","date_gmt":"2024-03-18T17:25:41","guid":{"rendered":"https:\/\/www.cukurovaroof.com\/?page_id=3437"},"modified":"2024-03-18T20:30:16","modified_gmt":"2024-03-18T17:30:16","slug":"asbest-sokumu-ve-bertarafi-2","status":"publish","type":"page","link":"https:\/\/www.cukurovaroof.com\/index.php\/asbest-sokumu-ve-bertarafi-2\/","title":{"rendered":"Asbest Envanter Raporu"},"content":{"rendered":"\t\t<div data-elementor-type=\"wp-post\" data-elementor-id=\"3437\" class=\"elementor elementor-3437\" data-elementor-settings=\"[]\">\n\t\t\t\t\t\t\t<div class=\"elementor-section-wrap\">\n\t\t\t\t\t\t\t<section class=\"elementor-section elementor-top-section elementor-element elementor-element-e8819a9 elementor-reverse-tablet elementor-reverse-mobile elementor-section-boxed elementor-section-height-default elementor-section-height-default\" data-id=\"e8819a9\" data-element_type=\"section\">\n\t\t\t\t\t\t<div class=\"elementor-container elementor-column-gap-default\">\n\t\t\t\t\t<div class=\"elementor-column elementor-col-100 elementor-top-column elementor-element elementor-element-4af4ec2\" data-id=\"4af4ec2\" data-element_type=\"column\">\n\t\t\t<div class=\"elementor-widget-wrap elementor-element-populated\">\n\t\t\t\t\t\t\t\t<section class=\"elementor-section elementor-inner-section elementor-element elementor-element-465aa4f elementor-section-boxed elementor-section-height-default elementor-section-height-default\" data-id=\"465aa4f\" data-element_type=\"section\">\n\t\t\t\t\t\t<div class=\"elementor-container elementor-column-gap-no\">\n\t\t\t\t\t<div class=\"elementor-column elementor-col-50 elementor-inner-column elementor-element elementor-element-33aebf4\" data-id=\"33aebf4\" data-element_type=\"column\">\n\t\t\t<div class=\"elementor-widget-wrap elementor-element-populated\">\n\t\t\t\t\t\t\t\t<div class=\"elementor-element elementor-element-5949d62 elementor-widget elementor-widget-image\" data-id=\"5949d62\" data-element_type=\"widget\" data-widget_type=\"image.default\">\n\t\t\t\t<div class=\"elementor-widget-container\">\n\t\t\t\t\t\t\t\t\t\t\t\t\t\t\t<img loading=\"lazy\" decoding=\"async\" width=\"2560\" height=\"1707\" src=\"https:\/\/www.cukurovaroof.com\/wp-content\/uploads\/2024\/03\/asbest-sokumu-1-2.jpg\" class=\"attachment-full size-full\" alt=\"\" srcset=\"https:\/\/www.cukurovaroof.com\/wp-content\/uploads\/2024\/03\/asbest-sokumu-1-2.jpg 2560w, https:\/\/www.cukurovaroof.com\/wp-content\/uploads\/2024\/03\/asbest-sokumu-1-2-300x200.jpg 300w, https:\/\/www.cukurovaroof.com\/wp-content\/uploads\/2024\/03\/asbest-sokumu-1-2-1024x683.jpg 1024w, https:\/\/www.cukurovaroof.com\/wp-content\/uploads\/2024\/03\/asbest-sokumu-1-2-768x512.jpg 768w, https:\/\/www.cukurovaroof.com\/wp-content\/uploads\/2024\/03\/asbest-sokumu-1-2-1536x1024.jpg 1536w, https:\/\/www.cukurovaroof.com\/wp-content\/uploads\/2024\/03\/asbest-sokumu-1-2-2048x1366.jpg 2048w\" sizes=\"(max-width: 2560px) 100vw, 2560px\" \/>\t\t\t\t\t\t\t\t\t\t\t\t\t\t\t<\/div>\n\t\t\t\t<\/div>\n\t\t\t\t\t<\/div>\n\t\t<\/div>\n\t\t\t\t<div class=\"elementor-column elementor-col-50 elementor-inner-column elementor-element elementor-element-7e79941\" data-id=\"7e79941\" data-element_type=\"column\">\n\t\t\t<div class=\"elementor-widget-wrap elementor-element-populated\">\n\t\t\t\t\t\t\t\t<div class=\"elementor-element elementor-element-6dd2a0c elementor-widget elementor-widget-text-editor\" data-id=\"6dd2a0c\" data-element_type=\"widget\" data-widget_type=\"text-editor.default\">\n\t\t\t\t<div class=\"elementor-widget-container\">\n\t\t\t\t\t\t\t<h4 class=\"t1-b-3 cl-3 m-b-11 text-center\">Asbest Envanter Raporu<\/h4><p>\u00a0Asbest i\u00e7eren malzemelerin envanterinin belirlenmesi ve belgelendirilmesi, sa\u011fl\u0131k ve g\u00fcvenlik a\u00e7\u0131s\u0131ndan \u00f6nemlidir. Firmam\u0131z, asbest envanter raporu ve hizmetleri sunarak, m\u00fc\u015fterilerimize bu alanda profesyonel destek sa\u011flamaktad\u0131r. Deneyimli ekiplerimiz, yap\u0131lan incelemeler ve \u00f6rneklemeler sonucunda asbest i\u00e7eren malzemelerin envanterini olu\u015fturmakta ve raporlamaktad\u0131r. Asbest i\u00e7eren malzemelerin envanteri, bir binada veya tesis i\u00e7erisinde bulunan potansiyel asbest kaynaklar\u0131n\u0131 belirlemek i\u00e7in yap\u0131lan bir s\u00fcre\u00e7tir. Firmam\u0131z, uzman ekibimizle birlikte, binan\u0131n veya tesisin her k\u00f6\u015fesinde potansiyel asbest i\u00e7eren malzemeleri tespit etmektedir. Bu envanter, asbestin g\u00fcvenli bir \u015fekilde \u00e7\u0131kar\u0131lmas\u0131 ve y\u00f6netilmesi i\u00e7in \u00f6nemli bir ba\u015flang\u0131\u00e7 \u200b\u200bnoktas\u0131d\u0131r. Asbest envanter belgesi, bir binada veya tesis i\u00e7erisinde bulunan asbest i\u00e7eren malzemelerin envanterinin resmi olarak belgelendirilmesidir. Firmam\u0131z, m\u00fc\u015fterilerimize bu belgeleri sa\u011flayarak, asbestin varl\u0131\u011f\u0131 ve konumlar\u0131 hakk\u0131nda g\u00fcvenilir ve resmi bir kaynak sunmaktad\u0131r. Bu belgeler, m\u00fc\u015fterilerimizin mevzuata uyum sa\u011flamas\u0131na ve g\u00fcvenli bir \u00e7al\u0131\u015fma ortam\u0131 olu\u015fturmas\u0131na yard\u0131mc\u0131 olmaktad\u0131r.<\/p>\t\t\t\t\t\t<\/div>\n\t\t\t\t<\/div>\n\t\t\t\t\t<\/div>\n\t\t<\/div>\n\t\t\t\t\t\t\t<\/div>\n\t\t<\/section>\n\t\t\t\t\t<\/div>\n\t\t<\/div>\n\t\t\t\t\t\t\t<\/div>\n\t\t<\/section>\n\t\t\t\t\t\t<\/div>\n\t\t\t\t\t<\/div>\n\t\t","protected":false},"excerpt":{"rendered":"<p>Asbest Envanter Raporu \u00a0Asbest i\u00e7eren malzemelerin envanterinin belirlenmesi ve belgelendirilmesi, sa\u011fl\u0131k ve g\u00fcvenlik a\u00e7\u0131s\u0131ndan \u00f6nemlidir. Firmam\u0131z, asbest envanter raporu ve hizmetleri sunarak, m\u00fc\u015fterilerimize bu alanda profesyonel destek sa\u011flamaktad\u0131r. Deneyimli ekiplerimiz, yap\u0131lan incelemeler ve \u00f6rneklemeler sonucunda asbest i\u00e7eren malzemelerin envanterini olu\u015fturmakta ve raporlamaktad\u0131r. Asbest i\u00e7eren malzemelerin envanteri, bir binada veya tesis i\u00e7erisinde bulunan potansiyel asbest kaynaklar\u0131n\u0131 [&hellip;]<\/p>\n","protected":false},"author":1,"featured_media":0,"parent":0,"menu_order":0,"comment_status":"closed","ping_status":"closed","template":"elementor_header_footer","meta":{"footnotes":""},"_links":{"self":[{"href":"https:\/\/www.cukurovaroof.com\/index.php\/wp-json\/wp\/v2\/pages\/3437"}],"collection":[{"href":"https:\/\/www.cukurovaroof.com\/index.php\/wp-json\/wp\/v2\/pages"}],"about":[{"href":"https:\/\/www.cukurovaroof.com\/index.php\/wp-json\/wp\/v2\/types\/page"}],"author":[{"embeddable":true,"href":"https:\/\/www.cukurovaroof.com\/index.php\/wp-json\/wp\/v2\/users\/1"}],"replies":[{"embeddable":true,"href":"https:\/\/www.cukurovaroof.com\/index.php\/wp-json\/wp\/v2\/comments?post=3437"}],"version-history":[{"count":7,"href":"https:\/\/www.cukurovaroof.com\/index.php\/wp-json\/wp\/v2\/pages\/3437\/revisions"}],"predecessor-version":[{"id":3445,"href":"https:\/\/www.cukurovaroof.com\/index.php\/wp-json\/wp\/v2\/pages\/3437\/revisions\/3445"}],"wp:attachment":[{"href":"https:\/\/www.cukurovaroof.com\/index.php\/wp-json\/wp\/v2\/media?parent=3437"}],"curies":[{"name":"wp","href":"https:\/\/api.w.org\/{rel}","templated":true}]}}