{"id":390,"date":"2019-05-18T07:13:16","date_gmt":"2019-05-18T07:13:16","guid":{"rendered":"http:\/\/demo.ovathemes.com\/constrau\/?page_id=390"},"modified":"2022-11-03T19:33:30","modified_gmt":"2022-11-03T16:33:30","slug":"hakkimizda","status":"publish","type":"page","link":"https:\/\/www.cukurovaroof.com\/index.php\/hakkimizda\/","title":{"rendered":"Hakk\u0131m\u0131zda"},"content":{"rendered":"\t\t<div data-elementor-type=\"wp-post\" data-elementor-id=\"390\" class=\"elementor elementor-390\" data-elementor-settings=\"[]\">\n\t\t\t\t\t\t\t<div class=\"elementor-section-wrap\">\n\t\t\t\t\t\t\t<section class=\"elementor-section elementor-top-section elementor-element elementor-element-97fb3c7 elementor-section-boxed elementor-section-height-default elementor-section-height-default\" data-id=\"97fb3c7\" data-element_type=\"section\">\n\t\t\t\t\t\t<div class=\"elementor-container elementor-column-gap-custom\">\n\t\t\t\t\t<div class=\"elementor-column elementor-col-50 elementor-top-column elementor-element elementor-element-603d766\" data-id=\"603d766\" data-element_type=\"column\">\n\t\t\t<div class=\"elementor-widget-wrap elementor-element-populated\">\n\t\t\t\t\t\t\t\t<div class=\"elementor-element elementor-element-bab183c elementor-widget elementor-widget-ova_heading\" data-id=\"bab183c\" data-element_type=\"widget\" data-widget_type=\"ova_heading.default\">\n\t\t\t\t<div class=\"elementor-widget-container\">\n\t\t\t\t\t<div class=\"ova-heading\">\n\t\t\t\t\t\t\t<h4 class=\"sub-title second_font\"><span><\/span>HAKKIMIZDA<\/h4>\n\t\t\t\t\t\t\n\t\t\t\t\t\t\t<div class=\"desc\"><p>\u00c7ukurova Roof;<\/p><p class=\"t1-s-2 cl-6 m-b-10\">sekt\u00f6r\u00fcnde uzun y\u0131llar tecr\u00fcbeye sahip y\u00f6netim kadrosu bar\u0131nd\u0131ran, \u00e7at\u0131 ve cephe sistemlerinden, bah\u00e7e ve kamp ya\u015fam konteyner uygulamalar\u0131na geni\u015f ve kaliteli hizmet anlay\u0131\u015f\u0131 ile faaliyetlerini ger\u00e7ekle\u015ftiren m\u00fchendislik, dan\u0131\u015fmanl\u0131k ve e\u011fitim firmas\u0131d\u0131r.<\/p><p class=\"t1-s-2 cl-6 m-b-10\">Merkezi olarak Adana ve Mersin\u2019de faaliyet g\u00f6stermekle beraber ba\u015fta Akdeniz, G\u00fcneydo\u011fu ve Do\u011fu Anadolu b\u00f6lgeleri olmak \u00fczere t\u00fcm T\u00fcrkiye\u2019ye hizmet verebilmektedir.<\/p><ul><li class=\"t1-s-2 cl-6 m-b-10\">\u00c7at\u0131 ve Cephe Sistemleri<\/li><li>Bah\u00e7e ve Kamp Ya\u015fam Konteyner Uygulamalar\u0131<\/li><li>Ters Sistemleri<\/li><li>Tel \u00d6rg\u00fc ve \u00c7it Sistemleri<\/li><li>Kamelya Sistemleri<\/li><li>M\u00fchendislik ve Dan\u0131\u015fmanl\u0131k Hizmetleri<\/li><\/ul><\/div>\n\t\t\t\t\t\t\t\t<\/div>\n\t\t\t\t<\/div>\n\t\t\t\t<\/div>\n\t\t\t\t\t<\/div>\n\t\t<\/div>\n\t\t\t\t<div class=\"elementor-column elementor-col-50 elementor-top-column elementor-element elementor-element-cc446a1\" data-id=\"cc446a1\" data-element_type=\"column\">\n\t\t\t<div class=\"elementor-widget-wrap elementor-element-populated\">\n\t\t\t\t\t\t\t\t<div class=\"elementor-element elementor-element-1075587 elementor-widget elementor-widget-image\" data-id=\"1075587\" data-element_type=\"widget\" data-widget_type=\"image.default\">\n\t\t\t\t<div class=\"elementor-widget-container\">\n\t\t\t\t\t\t\t\t\t\t\t\t\t\t\t<img loading=\"lazy\" decoding=\"async\" width=\"767\" height=\"456\" src=\"https:\/\/www.cukurovaroof.com\/wp-content\/uploads\/2019\/06\/services_mobile_5.jpg\" class=\"attachment-large size-large\" alt=\"\" srcset=\"https:\/\/www.cukurovaroof.com\/wp-content\/uploads\/2019\/06\/services_mobile_5.jpg 767w, https:\/\/www.cukurovaroof.com\/wp-content\/uploads\/2019\/06\/services_mobile_5-300x178.jpg 300w, https:\/\/www.cukurovaroof.com\/wp-content\/uploads\/2019\/06\/services_mobile_5-600x357.jpg 600w\" sizes=\"(max-width: 767px) 100vw, 767px\" \/>\t\t\t\t\t\t\t\t\t\t\t\t\t\t\t<\/div>\n\t\t\t\t<\/div>\n\t\t\t\t\t<\/div>\n\t\t<\/div>\n\t\t\t\t\t\t\t<\/div>\n\t\t<\/section>\n\t\t\t\t\t\t<\/div>\n\t\t\t\t\t<\/div>\n\t\t","protected":false},"excerpt":{"rendered":"<p>HAKKIMIZDA \u00c7ukurova Roof; sekt\u00f6r\u00fcnde uzun y\u0131llar tecr\u00fcbeye sahip y\u00f6netim kadrosu bar\u0131nd\u0131ran, \u00e7at\u0131 ve cephe sistemlerinden, bah\u00e7e ve kamp ya\u015fam konteyner uygulamalar\u0131na geni\u015f ve kaliteli hizmet anlay\u0131\u015f\u0131 ile faaliyetlerini ger\u00e7ekle\u015ftiren m\u00fchendislik, dan\u0131\u015fmanl\u0131k ve e\u011fitim firmas\u0131d\u0131r. Merkezi olarak Adana ve Mersin\u2019de faaliyet g\u00f6stermekle beraber ba\u015fta Akdeniz, G\u00fcneydo\u011fu ve Do\u011fu Anadolu b\u00f6lgeleri olmak \u00fczere t\u00fcm T\u00fcrkiye\u2019ye hizmet verebilmektedir. [&hellip;]<\/p>\n","protected":false},"author":1,"featured_media":495,"parent":0,"menu_order":0,"comment_status":"closed","ping_status":"closed","template":"elementor_header_footer","meta":{"footnotes":""},"_links":{"self":[{"href":"https:\/\/www.cukurovaroof.com\/index.php\/wp-json\/wp\/v2\/pages\/390"}],"collection":[{"href":"https:\/\/www.cukurovaroof.com\/index.php\/wp-json\/wp\/v2\/pages"}],"about":[{"href":"https:\/\/www.cukurovaroof.com\/index.php\/wp-json\/wp\/v2\/types\/page"}],"author":[{"embeddable":true,"href":"https:\/\/www.cukurovaroof.com\/index.php\/wp-json\/wp\/v2\/users\/1"}],"replies":[{"embeddable":true,"href":"https:\/\/www.cukurovaroof.com\/index.php\/wp-json\/wp\/v2\/comments?post=390"}],"version-history":[{"count":39,"href":"https:\/\/www.cukurovaroof.com\/index.php\/wp-json\/wp\/v2\/pages\/390\/revisions"}],"predecessor-version":[{"id":3367,"href":"https:\/\/www.cukurovaroof.com\/index.php\/wp-json\/wp\/v2\/pages\/390\/revisions\/3367"}],"wp:featuredmedia":[{"embeddable":true,"href":"https:\/\/www.cukurovaroof.com\/index.php\/wp-json\/wp\/v2\/media\/495"}],"wp:attachment":[{"href":"https:\/\/www.cukurovaroof.com\/index.php\/wp-json\/wp\/v2\/media?parent=390"}],"curies":[{"name":"wp","href":"https:\/\/api.w.org\/{rel}","templated":true}]}}