{"id":809,"date":"2019-05-22T08:54:13","date_gmt":"2019-05-22T08:54:13","guid":{"rendered":"http:\/\/demo.ovathemes.com\/constrau\/?page_id=809"},"modified":"2024-04-15T19:14:19","modified_gmt":"2024-04-15T16:14:19","slug":"iletisim","status":"publish","type":"page","link":"https:\/\/www.cukurovaroof.com\/index.php\/iletisim\/","title":{"rendered":"\u0130leti\u015fim"},"content":{"rendered":"\t\t<div data-elementor-type=\"wp-post\" data-elementor-id=\"809\" class=\"elementor elementor-809\" data-elementor-settings=\"[]\">\n\t\t\t\t\t\t\t<div class=\"elementor-section-wrap\">\n\t\t\t\t\t\t\t<section class=\"elementor-section elementor-top-section elementor-element elementor-element-44276d3 elementor-section-boxed elementor-section-height-default elementor-section-height-default\" data-id=\"44276d3\" data-element_type=\"section\">\n\t\t\t\t\t\t<div class=\"elementor-container elementor-column-gap-default\">\n\t\t\t\t\t<div class=\"elementor-column elementor-col-50 elementor-top-column elementor-element elementor-element-184fe03\" data-id=\"184fe03\" data-element_type=\"column\">\n\t\t\t<div class=\"elementor-widget-wrap elementor-element-populated\">\n\t\t\t\t\t\t\t\t<div class=\"elementor-element elementor-element-7757dd0 elementor-widget elementor-widget-ova_heading\" data-id=\"7757dd0\" data-element_type=\"widget\" data-widget_type=\"ova_heading.default\">\n\t\t\t\t<div class=\"elementor-widget-container\">\n\t\t\t\t\t<div class=\"ova-heading\">\n\t\t\t\t\t\t\t<h4 class=\"sub-title second_font\"><span><\/span>Bize yaz\u0131n<\/h4>\n\t\t\t\t\t\t\n\t\t\t\t\t\t\t\t<\/div>\n\t\t\t\t<\/div>\n\t\t\t\t<\/div>\n\t\t\t\t<div class=\"elementor-element elementor-element-1b89d63 elementor-widget elementor-widget-shortcode\" data-id=\"1b89d63\" data-element_type=\"widget\" data-widget_type=\"shortcode.default\">\n\t\t\t\t<div class=\"elementor-widget-container\">\n\t\t\t\t\t<div class=\"elementor-shortcode\"><div role=\"form\" class=\"wpcf7\" id=\"wpcf7-f826-o1\" lang=\"en-US\" dir=\"ltr\">\n<div class=\"screen-reader-response\"><p role=\"status\" aria-live=\"polite\" aria-atomic=\"true\"><\/p> <ul><\/ul><\/div>\n<form action=\"\/index.php\/wp-json\/wp\/v2\/pages\/809#wpcf7-f826-o1\" method=\"post\" class=\"wpcf7-form init\" novalidate=\"novalidate\" data-status=\"init\">\n<div style=\"display: none;\">\n<input type=\"hidden\" name=\"_wpcf7\" value=\"826\" \/>\n<input type=\"hidden\" name=\"_wpcf7_version\" value=\"5.4.2\" \/>\n<input type=\"hidden\" name=\"_wpcf7_locale\" value=\"en_US\" \/>\n<input type=\"hidden\" name=\"_wpcf7_unit_tag\" value=\"wpcf7-f826-o1\" \/>\n<input type=\"hidden\" name=\"_wpcf7_container_post\" value=\"0\" \/>\n<input type=\"hidden\" name=\"_wpcf7_posted_data_hash\" value=\"\" \/>\n<\/div>\n<div class=\"contact-4\">\n<div class=\"con-1\">\n<div class=\"name\">\n   <label>Ad\u0131n\u0131z *<span class=\"wpcf7-form-control-wrap your-first-name\"><input type=\"text\" name=\"your-first-name\" value=\"\" size=\"40\" class=\"wpcf7-form-control wpcf7-text wpcf7-validates-as-required\" aria-required=\"true\" aria-invalid=\"false\" \/><\/span><\/label>\n  <\/div>\n<div class=\"name\"><label>Soyad\u0131n\u0131z *<span class=\"wpcf7-form-control-wrap your-last-name\"><input type=\"text\" name=\"your-last-name\" value=\"\" size=\"40\" class=\"wpcf7-form-control wpcf7-text wpcf7-validates-as-required\" aria-required=\"true\" aria-invalid=\"false\" \/><\/span><\/label><\/div>\n<\/div>\n<div class=\"con-1\">\n<div class=\"email\">\n    <label>E-posta *<span class=\"wpcf7-form-control-wrap your-email\"><input type=\"email\" name=\"your-email\" value=\"\" size=\"40\" class=\"wpcf7-form-control wpcf7-text wpcf7-email wpcf7-validates-as-required wpcf7-validates-as-email\" aria-required=\"true\" aria-invalid=\"false\" \/><\/span><\/label>\n  <\/div>\n<div class=\"phone\"><label>Telefo *<span class=\"wpcf7-form-control-wrap your-phone-number\"><input type=\"text\" name=\"your-phone-number\" value=\"\" size=\"40\" class=\"wpcf7-form-control wpcf7-text wpcf7-validates-as-required\" aria-required=\"true\" aria-invalid=\"false\" \/><\/span><\/label><\/div>\n<\/div>\n<div class=\"con-2\">\n  <label>Konu<span class=\"wpcf7-form-control-wrap subject\"><input type=\"text\" name=\"subject\" value=\"\" size=\"40\" class=\"wpcf7-form-control wpcf7-text wpcf7-validates-as-required\" aria-required=\"true\" aria-invalid=\"false\" \/><\/span><\/label>\n <\/div>\n<div class=\"con-2\">\n  <label>Mesaj<span class=\"wpcf7-form-control-wrap your-message\"><textarea name=\"your-message\" cols=\"40\" rows=\"10\" class=\"wpcf7-form-control wpcf7-textarea\" aria-invalid=\"false\"><\/textarea><\/span><\/label>\n <\/div>\n<p>  <input type=\"submit\" value=\"G\u00d6NDER\" class=\"wpcf7-form-control wpcf7-submit\" \/>\n<\/p><\/div>\n<div class=\"wpcf7-response-output\" aria-hidden=\"true\"><\/div><\/form><\/div><\/div>\n\t\t\t\t<\/div>\n\t\t\t\t<\/div>\n\t\t\t\t\t<\/div>\n\t\t<\/div>\n\t\t\t\t<div class=\"elementor-column elementor-col-50 elementor-top-column elementor-element elementor-element-c435a77\" data-id=\"c435a77\" data-element_type=\"column\">\n\t\t\t<div class=\"elementor-widget-wrap elementor-element-populated\">\n\t\t\t\t\t\t\t\t<section class=\"elementor-section elementor-inner-section elementor-element elementor-element-5bd18db elementor-section-boxed elementor-section-height-default elementor-section-height-default\" data-id=\"5bd18db\" data-element_type=\"section\">\n\t\t\t\t\t\t<div class=\"elementor-container elementor-column-gap-default\">\n\t\t\t\t\t<div class=\"elementor-column elementor-col-50 elementor-inner-column elementor-element elementor-element-a6c523f\" data-id=\"a6c523f\" data-element_type=\"column\">\n\t\t\t<div class=\"elementor-widget-wrap elementor-element-populated\">\n\t\t\t\t\t\t\t\t<div class=\"elementor-element elementor-element-07904f9 elementor-widget elementor-widget-ova_contact\" data-id=\"07904f9\" data-element_type=\"widget\" data-widget_type=\"ova_contact.default\">\n\t\t\t\t<div class=\"elementor-widget-container\">\n\t\t\t\t\t\t\t\t<div class=\"ova-contact version_2\">\n\t\t\t\t\t\t\t\t\t\t\t\t\t<div class=\"ova-title\">\n\t\t\t\t\t\t<p class=\"title\">Adres<\/p>\n\t\t\t\t\t<\/div>\n\t\t\t\t\t\t\t\t<ul class=\"contact\">\n\t\t\t\t\t\t\t\t\t\t\t<li>Akdeniz mah.Ya\u015far Do\u011fu Cad.<\/li>\n\t\t\t\t\t\t\t\t\t\t\t<li>Ko\u015fuyolu Apt. Kat:7 No:14<\/li>\n\t\t\t\t\t\t\t\t\t\t\t<li>Mezitli \/MERS\u0130N<\/li>\n\t\t\t\t\t\t\t\t\t\t\t\t<\/ul>\n\t\t<\/div>\n\t\t\t\t<\/div>\n\t\t\t\t<\/div>\n\t\t\t\t\t<\/div>\n\t\t<\/div>\n\t\t\t\t<div class=\"elementor-column elementor-col-50 elementor-inner-column elementor-element elementor-element-6d51b52\" data-id=\"6d51b52\" data-element_type=\"column\">\n\t\t\t<div class=\"elementor-widget-wrap elementor-element-populated\">\n\t\t\t\t\t\t\t\t<div class=\"elementor-element elementor-element-f8b98af elementor-widget elementor-widget-ova_contact\" data-id=\"f8b98af\" data-element_type=\"widget\" data-widget_type=\"ova_contact.default\">\n\t\t\t\t<div class=\"elementor-widget-container\">\n\t\t\t\t\t\t\t\t<div class=\"ova-contact version_2\">\n\t\t\t\t\t\t\t\t\t\t\t\t\t<div class=\"ova-title\">\n\t\t\t\t\t\t<p class=\"title\">\u0130leti\u015fim<\/p>\n\t\t\t\t\t<\/div>\n\t\t\t\t\t\t\t\t<ul class=\"contact\">\n\t\t\t\t\t\t\t\t\t\t\t<li><a href='tel:0505 536 4123'>0505 536 4123<\/a><\/li>\n\t\t\t\t\t\t\t\t\t\t\t<li><a href='mailto: iletisim@cukurovaroof.com'> iletisim@cukurovaroof.com<\/a><\/li>\n\t\t\t\t\t\t\t\t\t\t\t\t<\/ul>\n\t\t<\/div>\n\t\t\t\t<\/div>\n\t\t\t\t<\/div>\n\t\t\t\t\t<\/div>\n\t\t<\/div>\n\t\t\t\t\t\t\t<\/div>\n\t\t<\/section>\n\t\t\t\t<section class=\"elementor-section elementor-inner-section elementor-element elementor-element-d55d330 elementor-section-boxed elementor-section-height-default elementor-section-height-default\" data-id=\"d55d330\" data-element_type=\"section\">\n\t\t\t\t\t\t<div class=\"elementor-container elementor-column-gap-default\">\n\t\t\t\t\t<div class=\"elementor-column elementor-col-100 elementor-inner-column elementor-element elementor-element-915cf55\" data-id=\"915cf55\" data-element_type=\"column\">\n\t\t\t<div class=\"elementor-widget-wrap elementor-element-populated\">\n\t\t\t\t\t\t\t\t<div class=\"elementor-element elementor-element-8621a3f elementor-widget elementor-widget-text-editor\" data-id=\"8621a3f\" data-element_type=\"widget\" data-widget_type=\"text-editor.default\">\n\t\t\t\t<div class=\"elementor-widget-container\">\n\t\t\t\t\t\t\t<iframe src=\"https:\/\/www.google.com\/maps\/embed?pb=!1m14!1m8!1m3!1d1631497.685681407!2d35.288067!3d36.997415!3m2!1i1024!2i768!4f13.1!3m3!1m2!1s0x15288f6c0d657e6b%3A0x5bf2d916078e4efa!2sRe%C5%9Fatbey%2C%2001120%20Seyhan%2FAdana!5e0!3m2!1str!2str!4v1633946727207!5m2!1str!2str\" width=\"600\" height=\"450\" style=\"border:0;\" allowfullscreen=\"\" loading=\"lazy\"><\/iframe>\t\t\t\t\t\t<\/div>\n\t\t\t\t<\/div>\n\t\t\t\t\t<\/div>\n\t\t<\/div>\n\t\t\t\t\t\t\t<\/div>\n\t\t<\/section>\n\t\t\t\t\t<\/div>\n\t\t<\/div>\n\t\t\t\t\t\t\t<\/div>\n\t\t<\/section>\n\t\t\t\t\t\t<\/div>\n\t\t\t\t\t<\/div>\n\t\t","protected":false},"excerpt":{"rendered":"<p>Bize yaz\u0131n Adres Akdeniz mah.Ya\u015far Do\u011fu Cad. Ko\u015fuyolu Apt. Kat:7 No:14 Mezitli \/MERS\u0130N \u0130leti\u015fim 0505 536 4123 iletisim@cukurovaroof.com<\/p>\n","protected":false},"author":1,"featured_media":0,"parent":0,"menu_order":0,"comment_status":"closed","ping_status":"closed","template":"elementor_header_footer","meta":{"footnotes":""},"_links":{"self":[{"href":"https:\/\/www.cukurovaroof.com\/index.php\/wp-json\/wp\/v2\/pages\/809"}],"collection":[{"href":"https:\/\/www.cukurovaroof.com\/index.php\/wp-json\/wp\/v2\/pages"}],"about":[{"href":"https:\/\/www.cukurovaroof.com\/index.php\/wp-json\/wp\/v2\/types\/page"}],"author":[{"embeddable":true,"href":"https:\/\/www.cukurovaroof.com\/index.php\/wp-json\/wp\/v2\/users\/1"}],"replies":[{"embeddable":true,"href":"https:\/\/www.cukurovaroof.com\/index.php\/wp-json\/wp\/v2\/comments?post=809"}],"version-history":[{"count":29,"href":"https:\/\/www.cukurovaroof.com\/index.php\/wp-json\/wp\/v2\/pages\/809\/revisions"}],"predecessor-version":[{"id":3474,"href":"https:\/\/www.cukurovaroof.com\/index.php\/wp-json\/wp\/v2\/pages\/809\/revisions\/3474"}],"wp:attachment":[{"href":"https:\/\/www.cukurovaroof.com\/index.php\/wp-json\/wp\/v2\/media?parent=809"}],"curies":[{"name":"wp","href":"https:\/\/api.w.org\/{rel}","templated":true}]}}