{"id":902,"date":"2019-05-23T05:01:37","date_gmt":"2019-05-23T05:01:37","guid":{"rendered":"http:\/\/demo.ovathemes.com\/constrau\/?page_id=902"},"modified":"2021-10-05T00:33:49","modified_gmt":"2021-10-04T21:33:49","slug":"design-build","status":"publish","type":"page","link":"https:\/\/www.cukurovaroof.com\/index.php\/design-build\/","title":{"rendered":"Design\/Build"},"content":{"rendered":"\t\t<div data-elementor-type=\"wp-post\" data-elementor-id=\"902\" class=\"elementor elementor-902\" data-elementor-settings=\"[]\">\n\t\t\t\t\t\t\t<div class=\"elementor-section-wrap\">\n\t\t\t\t\t\t\t<section class=\"elementor-section elementor-top-section elementor-element elementor-element-37859ef elementor-reverse-tablet elementor-reverse-mobile elementor-section-boxed elementor-section-height-default elementor-section-height-default\" data-id=\"37859ef\" data-element_type=\"section\">\n\t\t\t\t\t\t<div class=\"elementor-container elementor-column-gap-default\">\n\t\t\t\t\t<div class=\"elementor-column elementor-col-50 elementor-top-column elementor-element elementor-element-7d90921\" data-id=\"7d90921\" data-element_type=\"column\">\n\t\t\t<div class=\"elementor-widget-wrap elementor-element-populated\">\n\t\t\t\t\t\t\t\t<div class=\"elementor-element elementor-element-498cc89 services_sidebar elementor-widget elementor-widget-sidebar\" data-id=\"498cc89\" data-element_type=\"widget\" data-widget_type=\"sidebar.default\">\n\t\t\t\t<div class=\"elementor-widget-container\">\n\t\t\t<div id=\"nav_menu-1\" class=\"widget widget_nav_menu\"><h4 class=\"widget-title second_font\">Services Menu<\/h4><div class=\"menu-sidebar-services-container\"><ul id=\"menu-sidebar-services\" class=\"menu\"><li id=\"menu-item-2213\" class=\"menu-item menu-item-type-post_type menu-item-object-page menu-item-2213\"><a title=\"Design\/Build\" href=\"https:\/\/www.cukurovaroof.com\/index.php\/design-build\/\">Design\/Build<\/a><\/li>\n<li id=\"menu-item-2212\" class=\"menu-item menu-item-type-post_type menu-item-object-page menu-item-2212\"><a title=\"Bridge Construction\" href=\"https:\/\/www.cukurovaroof.com\/index.php\/bridge-construction\/\">Bridge Construction<\/a><\/li>\n<li id=\"menu-item-2214\" class=\"menu-item menu-item-type-post_type menu-item-object-page menu-item-2214\"><a title=\"Oil &#038; Gas Energy\" href=\"https:\/\/www.cukurovaroof.com\/index.php\/oil-gas-energy\/\">Oil &#038; Gas Energy<\/a><\/li>\n<li id=\"menu-item-2215\" class=\"menu-item menu-item-type-post_type menu-item-object-page menu-item-2215\"><a title=\"Construction Consultant\" href=\"https:\/\/www.cukurovaroof.com\/index.php\/construction-consultant\/\">Construction Consultant<\/a><\/li>\n<li id=\"menu-item-2216\" class=\"menu-item menu-item-type-post_type menu-item-object-page menu-item-2216\"><a title=\"Social Infrastructure\" href=\"https:\/\/www.cukurovaroof.com\/index.php\/social-infrastructure\/\">Social Infrastructure<\/a><\/li>\n<\/ul><\/div><\/div><div id=\"custom_html-1\" class=\"widget_text widget widget_custom_html\"><h4 class=\"widget-title second_font\">Featured Work<\/h4><div class=\"textwidget custom-html-widget\">\t<ul class=\"recent_project\">\n\t\t\n\t\t\t<li>\n\t\t\t\t<div class=\"img_feature\">\n\t\t\t\t\t<img loading=\"lazy\" decoding=\"async\" width=\"640\" height=\"480\" src=\"https:\/\/www.cukurovaroof.com\/wp-content\/uploads\/2019\/05\/gallery_project_5-640x480.jpg\" class=\"attachment-feature_image_project size-feature_image_project wp-post-image\" alt=\"\" \/>\t\t\t\t<\/div>\n\t\t\t\t<div class=\"content\">\n\t\t\t\t\t<a class=\"title second_font\" href=\"https:\/\/www.cukurovaroof.com\/index.php\/project\/cambradger-university\/\">Cambradger University<\/a>\n\t\t\t\t\t<p class=\"cat\">Education<\/p>\n\t\t\t\t<\/div>\n\t\t\t<\/li>\n\n\t\t\n\t\t\t<li>\n\t\t\t\t<div class=\"img_feature\">\n\t\t\t\t\t<img loading=\"lazy\" decoding=\"async\" width=\"640\" height=\"480\" src=\"https:\/\/www.cukurovaroof.com\/wp-content\/uploads\/2019\/05\/gallery_project_1-640x480.jpg\" class=\"attachment-feature_image_project size-feature_image_project wp-post-image\" alt=\"\" \/>\t\t\t\t<\/div>\n\t\t\t\t<div class=\"content\">\n\t\t\t\t\t<a class=\"title second_font\" href=\"https:\/\/www.cukurovaroof.com\/index.php\/project\/carlton-luxury-hotel\/\">Carlton Luxury Hotel<\/a>\n\t\t\t\t\t<p class=\"cat\">Green Building<\/p>\n\t\t\t\t<\/div>\n\t\t\t<\/li>\n\n\t\t\n\t\t\t<li>\n\t\t\t\t<div class=\"img_feature\">\n\t\t\t\t\t<img loading=\"lazy\" decoding=\"async\" width=\"640\" height=\"480\" src=\"https:\/\/www.cukurovaroof.com\/wp-content\/uploads\/2019\/05\/gallery_project_8-640x480.jpg\" class=\"attachment-feature_image_project size-feature_image_project wp-post-image\" alt=\"\" \/>\t\t\t\t<\/div>\n\t\t\t\t<div class=\"content\">\n\t\t\t\t\t<a class=\"title second_font\" href=\"https:\/\/www.cukurovaroof.com\/index.php\/project\/heathrior-airport-terminal\/\">Heathrior Airport Terminal<\/a>\n\t\t\t\t\t<p class=\"cat\">Civil Engineering<\/p>\n\t\t\t\t<\/div>\n\t\t\t<\/li>\n\n\t\t\t<\/ul>\n\t<\/div><\/div><div id=\"custom_html-2\" class=\"widget_text widget widget_custom_html\"><div class=\"textwidget custom-html-widget\">\t<div class=\"brochures\">\n\t\t<p class=\"title second_font\">Download Brochures<\/p>\n\t\t<p class=\"desc\">Nam scelerisque leo vel interdum scelerisque. Nulla pretium cursus est nec mollis. Fusce luctus nisl quis leo maximus congue.<\/p>\n\t\t\r\n\t<a class=\"button_sidebar\" href=\"\/\/fb.com\">\n\t\t<i class=\"far fa-file-pdf\"><\/i>\n\t\t<span>Info Company<\/span>\n\t<\/a>\n\t\r\n\t<a class=\"button_sidebar\" href=\"\/\/google.com\">\n\t\t<i class=\"far fa-file-pdf\"><\/i>\n\t\t<span>Brochure Newest<\/span>\n\t<\/a>\n\t\r\n\t<\/div>\n\t<\/div><\/div><div id=\"custom_html-3\" class=\"widget_text widget widget_custom_html\"><div class=\"textwidget custom-html-widget\">\t<div class=\"info_contact\">\n\t\t<p class=\"title second_font\">We can help you<\/p>\n\t\t<ul class=\"content\">\n\t\t\t\r\n\t<li>\n\t\t<i class=\"zmdi zmdi-phone\"><\/i>\n\t\t<span class=\"info\">(205)-509-1845<\/span>\n\t<\/li>\n\t\n\t\r\n\t<li>\n\t\t<i class=\"zmdi zmdi-email\"><\/i>\n\t\t<span class=\"info\">Contact@buildcos.com<\/span>\n\t<\/li>\n\t\n\t\r\n\t<li>\n\t\t<i class=\"zmdi zmdi-pin\"><\/i>\n\t\t<span class=\"info\">34 Steuben St, Brooklyn, NY 11205<\/span>\n\t<\/li>\n\t\n\t\r\n\t\t<\/ul>\n\t<\/div>\n\t<\/div><\/div>\t\t<\/div>\n\t\t\t\t<\/div>\n\t\t\t\t\t<\/div>\n\t\t<\/div>\n\t\t\t\t<div class=\"elementor-column elementor-col-50 elementor-top-column elementor-element elementor-element-333bbfb\" data-id=\"333bbfb\" data-element_type=\"column\">\n\t\t\t<div class=\"elementor-widget-wrap elementor-element-populated\">\n\t\t\t\t\t\t\t\t<div class=\"elementor-element elementor-element-85f3128 elementor-widget elementor-widget-heading\" data-id=\"85f3128\" data-element_type=\"widget\" data-widget_type=\"heading.default\">\n\t\t\t\t<div class=\"elementor-widget-container\">\n\t\t\t<h3 class=\"elementor-heading-title elementor-size-default\">Design\/Build<\/h3>\t\t<\/div>\n\t\t\t\t<\/div>\n\t\t\t\t<div class=\"elementor-element elementor-element-2946ee9 elementor-widget elementor-widget-ova_slideshow\" data-id=\"2946ee9\" data-element_type=\"widget\" data-widget_type=\"ova_slideshow.default\">\n\t\t\t\t<div class=\"elementor-widget-container\">\n\t\t\t\n\t\t<div class=\"ova_slideshow\">\n\t\t\t<div class=\"slide_gallery\">\n\t\t\t\t<div class=\"wrap_slide\">\n\t\t\t\t\t\t\t\t\t\t\t\t<img decoding=\"async\" src=\"http:\/\/demo.ovathemes.com\/constrau\/wp-content\/uploads\/2019\/05\/services_detail_3.jpg\" alt=\"#\">\n\t\t\t\t\t\t\t\t\t\t\t\t\t<img decoding=\"async\" src=\"http:\/\/demo.ovathemes.com\/constrau\/wp-content\/uploads\/2019\/05\/services_detail_4.jpg\" alt=\"#\">\n\t\t\t\t\t\t\t\t\t\t\t\t\t<img decoding=\"async\" src=\"http:\/\/demo.ovathemes.com\/constrau\/wp-content\/uploads\/2019\/05\/services_detail_2.jpg\" alt=\"#\">\n\t\t\t\t\t\t\t\t\t\t\t\t\t<img decoding=\"async\" src=\"http:\/\/demo.ovathemes.com\/constrau\/wp-content\/uploads\/2019\/05\/services_detail_1.jpg\" alt=\"#\">\n\t\t\t\t\t\t\t\t\t\t<\/div>\n\t\t\t\t<i class=\"prev-arrow arrow_flaticon-050-left-arrow-7\"><\/i>\n\t\t\t\t<i class=\"next-arrow arrow_flaticon-034-right-arrow-7\"><\/i>\n\n\t\t\t<\/div>\n\t\t\t<div class=\"thumbnail_gallery\">\n\t\t\t\t\t\t\t\t\t\t<img decoding=\"async\" src=\"https:\/\/www.cukurovaroof.com\/wp-content\/uploads\/2019\/05\/services_detail_3-640x400.jpg\" alt=\"#\">\n\t\t\t\t\t\t\t\t\t\t\t<img decoding=\"async\" src=\"https:\/\/www.cukurovaroof.com\/wp-content\/uploads\/2019\/05\/services_detail_4-640x400.jpg\" alt=\"#\">\n\t\t\t\t\t\t\t\t\t\t\t<img decoding=\"async\" src=\"https:\/\/www.cukurovaroof.com\/wp-content\/uploads\/2019\/05\/services_detail_2-640x400.jpg\" alt=\"#\">\n\t\t\t\t\t\t\t\t\t\t\t<img decoding=\"async\" src=\"https:\/\/www.cukurovaroof.com\/wp-content\/uploads\/2019\/05\/services_detail_1-640x400.jpg\" alt=\"#\">\n\t\t\t\t\t\t\t\t<\/div>\n\t\t<\/div>\n\n\t\t\t\t<\/div>\n\t\t\t\t<\/div>\n\t\t\t\t<div class=\"elementor-element elementor-element-857f72c elementor-widget elementor-widget-text-editor\" data-id=\"857f72c\" data-element_type=\"widget\" data-widget_type=\"text-editor.default\">\n\t\t\t\t<div class=\"elementor-widget-container\">\n\t\t\t\t\t\t\t<p>Buildcos team of dedicated hospitality professionals work together to meet client goals and ensure smooth, timely and cost effective project delivery across the United States. We combine tailored, client focused service with our commitment to quality and work to raise safety standards across the hospitality sector.<\/p>\t\t\t\t\t\t<\/div>\n\t\t\t\t<\/div>\n\t\t\t\t<div class=\"elementor-element elementor-element-705e4b6 elementor-widget elementor-widget-text-editor\" data-id=\"705e4b6\" data-element_type=\"widget\" data-widget_type=\"text-editor.default\">\n\t\t\t\t<div class=\"elementor-widget-container\">\n\t\t\t\t\t\t\t<p>Many of the iconic features of the historic Old Post Office building were preserved during its transformation into a luxury hotel, which features 263 guestrooms and suites averaging more than 600 square feet, making them the largest in Washington D.C., with lofty 16-foot ceilings, soaring windows, beautifully restored historic millwork, and glittering crystal sconces and chandeliers. In addition, two extraordinary Presidential Suites are located in the historic former offices of the Postmaster General. At 3,500 and 5,000 square feet, the three-bedroom suites are among the largest in the country.<\/p>\t\t\t\t\t\t<\/div>\n\t\t\t\t<\/div>\n\t\t\t\t<section class=\"elementor-section elementor-inner-section elementor-element elementor-element-d21a26d elementor-section-boxed elementor-section-height-default elementor-section-height-default\" data-id=\"d21a26d\" data-element_type=\"section\">\n\t\t\t\t\t\t<div class=\"elementor-container elementor-column-gap-no\">\n\t\t\t\t\t<div class=\"elementor-column elementor-col-50 elementor-inner-column elementor-element elementor-element-6108dfc\" data-id=\"6108dfc\" data-element_type=\"column\">\n\t\t\t<div class=\"elementor-widget-wrap elementor-element-populated\">\n\t\t\t\t\t\t\t\t<div class=\"elementor-element elementor-element-7e09212 ova-title elementor-widget elementor-widget-heading\" data-id=\"7e09212\" data-element_type=\"widget\" data-widget_type=\"heading.default\">\n\t\t\t\t<div class=\"elementor-widget-container\">\n\t\t\t<span class=\"elementor-heading-title elementor-size-default\">Our Solutions<\/span>\t\t<\/div>\n\t\t\t\t<\/div>\n\t\t\t\t<div class=\"elementor-element elementor-element-6ed9a6c elementor-widget elementor-widget-text-editor\" data-id=\"6ed9a6c\" data-element_type=\"widget\" data-widget_type=\"text-editor.default\">\n\t\t\t\t<div class=\"elementor-widget-container\">\n\t\t\t\t\t\t\t<p>We are continuing to drive forward, constantly increasing productivity, and utilising technology advancements and sustainable practices to maintain our competitive advantage.<\/p>\t\t\t\t\t\t<\/div>\n\t\t\t\t<\/div>\n\t\t\t\t\t<\/div>\n\t\t<\/div>\n\t\t\t\t<div class=\"elementor-column elementor-col-50 elementor-inner-column elementor-element elementor-element-0fa02b7\" data-id=\"0fa02b7\" data-element_type=\"column\">\n\t\t\t<div class=\"elementor-widget-wrap elementor-element-populated\">\n\t\t\t\t\t\t\t\t<div class=\"elementor-element elementor-element-8154afd ova-title elementor-widget elementor-widget-heading\" data-id=\"8154afd\" data-element_type=\"widget\" data-widget_type=\"heading.default\">\n\t\t\t\t<div class=\"elementor-widget-container\">\n\t\t\t<span class=\"elementor-heading-title elementor-size-default\">Project Benefits<\/span>\t\t<\/div>\n\t\t\t\t<\/div>\n\t\t\t\t<div class=\"elementor-element elementor-element-dc4a2a5 elementor-widget elementor-widget-text-editor\" data-id=\"dc4a2a5\" data-element_type=\"widget\" data-widget_type=\"text-editor.default\">\n\t\t\t\t<div class=\"elementor-widget-container\">\n\t\t\t\t\t\t\t<p>We are continuing to drive forward, constantly increasing productivity, and utilising technology advancements and sustainable practices to maintain our competitive advantage.<\/p>\t\t\t\t\t\t<\/div>\n\t\t\t\t<\/div>\n\t\t\t\t\t<\/div>\n\t\t<\/div>\n\t\t\t\t\t\t\t<\/div>\n\t\t<\/section>\n\t\t\t\t<div class=\"elementor-element elementor-element-864a47d elementor-widget elementor-widget-image\" data-id=\"864a47d\" data-element_type=\"widget\" data-widget_type=\"image.default\">\n\t\t\t\t<div class=\"elementor-widget-container\">\n\t\t\t\t\t\t\t\t\t\t\t\t\t\t\t<img loading=\"lazy\" decoding=\"async\" width=\"861\" height=\"494\" src=\"https:\/\/www.cukurovaroof.com\/wp-content\/uploads\/2019\/06\/chart_services_detail_1.jpg\" class=\"attachment-large size-large\" alt=\"\" srcset=\"https:\/\/www.cukurovaroof.com\/wp-content\/uploads\/2019\/06\/chart_services_detail_1.jpg 861w, https:\/\/www.cukurovaroof.com\/wp-content\/uploads\/2019\/06\/chart_services_detail_1-300x172.jpg 300w, https:\/\/www.cukurovaroof.com\/wp-content\/uploads\/2019\/06\/chart_services_detail_1-768x441.jpg 768w, https:\/\/www.cukurovaroof.com\/wp-content\/uploads\/2019\/06\/chart_services_detail_1-600x344.jpg 600w\" sizes=\"(max-width: 861px) 100vw, 861px\" \/>\t\t\t\t\t\t\t\t\t\t\t\t\t\t\t<\/div>\n\t\t\t\t<\/div>\n\t\t\t\t<div class=\"elementor-element elementor-element-1d85fb8 elementor-widget elementor-widget-heading\" data-id=\"1d85fb8\" data-element_type=\"widget\" data-widget_type=\"heading.default\">\n\t\t\t\t<div class=\"elementor-widget-container\">\n\t\t\t<h3 class=\"elementor-heading-title elementor-size-default\">Latest News<\/h3>\t\t<\/div>\n\t\t\t\t<\/div>\n\t\t\t\t<div class=\"elementor-element elementor-element-bcc64d1 elementor-widget elementor-widget-ova_blog_slider\" data-id=\"bcc64d1\" data-element_type=\"widget\" data-settings=\"{&quot;pause_on_hover&quot;:&quot;yes&quot;,&quot;infinite&quot;:&quot;yes&quot;,&quot;autoplay&quot;:&quot;yes&quot;,&quot;autoplay_speed&quot;:3000}\" data-widget_type=\"ova_blog_slider.default\">\n\t\t\t\t<div class=\"elementor-widget-container\">\n\t\t\t\t\t<div class=\"ova-blog-slider version_2\">\n\t\t\t<div class=\"blog-slider  owl-carousel owl-theme owl-loaded\" data-options=\"{&quot;slideBy&quot;:&quot;1&quot;,&quot;margin&quot;:30,&quot;autoplayHoverPause&quot;:true,&quot;loop&quot;:true,&quot;autoplay&quot;:true,&quot;autoplayTimeout&quot;:3000,&quot;smartSpeed&quot;:500,&quot;dots&quot;:true,&quot;nav&quot;:true}\">\n\t\t\t\t\n\t\t\t\t\t<div class=\"item-blog\">\n\t\t\t\t\t\t\t\t\t\t\t\t\t<div class=\"ova-media\">\n\t\t\t\t\t\t\t\t<img decoding=\"async\" src=\"https:\/\/www.cukurovaroof.com\/wp-content\/uploads\/2021\/10\/calik-cati-sistemleri.jpg\" alt=\"\u00c7ATI YALITIMININ FAYDALARI\">\n\t\t\t\t\t\t\t\t\t\t\t\t\t\t\t\t\t<span class=\"date\">\n\t\t\t\t\t\t\t\t\t\t<span class=\"unit second_font day\">24<\/span>\n\t\t\t\t\t\t\t\t\t\t<span class=\"unit second_font month\">Eki, 2021<\/span>\n\t\t\t\t\t\t\t\t\t<\/span>\n\t\t\t\t\t\t\t\t\t\t\t\t\t\t\t<\/div>\n\t\t\t\t\t\t\n\t\t\t\t\t\t<div class=\"content\">\n\n\t\t\t\t\t\t\t\t\t\t\t\t\t\t\t<div class=\"title\">\n\t\t\t\t\t\t\t\t\t<h3><a class=\"second_font\" href=\"https:\/\/www.cukurovaroof.com\/index.php\/2021\/10\/24\/cati-yalitiminin-faydalari\/\">\u00c7ATI YALITIMININ FAYDALARI<\/a><\/h3>\n\t\t\t\t\t\t\t\t<\/div>\n\t\t\t\t\t\t\t\n\t\t\t\t\t\t\t\t\t\t\t\t\t\t\t<div class=\"post-meta-blog\">\n\t\t\t\t\t\t\t\t\t<span class=\"category second_font\">\n\t\t\t\t\t\t\t\t\t\t<i class=\"zmdi zmdi-tag\"><\/i>\n\t\t\t\t\t\t\t\t\t\t<a href=\"https:\/\/www.cukurovaroof.com\/index.php\/category\/genel\/\" rel=\"category tag\">Genel<\/a>\t\t\t\t\t\t\t\t\t\t<span class=\"meta-slash\">|<\/span>\n\t\t\t\t\t\t\t\t\t<\/span>\n\t\t\t\t\t\t\t\t\t<span class=\"author second_font\">\n\t\t\t\t\t\t\t\t\t\t<span class=\"left\"><i class=\"zmdi zmdi-edit\"><\/i><\/span>\n\t\t\t\t\t\t\t\t\t\t<span class=\"right\"><a href=\"https:\/\/www.cukurovaroof.com\/index.php\/author\/admin\/\">admin<\/a><\/span>\n\t\t\t\t\t\t\t\t\t<\/span>\n\t\t\t\t\t\t\t\t<\/div>\n\t\t\t\t\t\t\t\t\t\t\t\t\n\n\t\t\t\t\t\t\t\t\t\t\t\t\t\t\t<div class=\"excerpt\">\n\t\t\t\t\t\t\t\t\t<p>\u00c7ATI YALITIMININ FAYDALARI \u00c7at\u0131 \u0131s\u0131 yal\u0131t\u0131m\u0131 k\u0131\u015f aylar\u0131nda \u0131s\u0131 kayb\u0131n\u0131n azalmas\u0131n\u0131 sa\u011flarken, yaz aylar\u0131nda da s\u0131cakl\u0131\u011f\u0131n etkisini azaltmaktad\u0131r. \u00c7at\u0131 \u0131s\u0131 yal\u0131t\u0131m\u0131n\u0131n faydalar\u0131 sadece bunlardan<\/p>\n\t\t\t\t\t\t\t\t<\/div>\n\t\t\t\t\t\t\t\n\t\t\t\t\t\t\t\t\t\t\t\t\t\t\t<div class=\"readmore\">\n\t\t\t\t\t\t\t\t\t<a href=\"https:\/\/www.cukurovaroof.com\/index.php\/2021\/10\/24\/cati-yalitiminin-faydalari\/\">READ MORE\t\t\t\t\t\t\t\t<\/a>\n\t\t\t\t\t\t\t<\/div>\n\t\t\t\t\t\t\n\t\t\t\t\t<\/div>\n\t\t\t\t<\/div>\n\t\t\t\t\n\t\t\t\t\t<div class=\"item-blog\">\n\t\t\t\t\t\t\t\t\t\t\t\t\t<div class=\"ova-media\">\n\t\t\t\t\t\t\t\t<img decoding=\"async\" src=\"https:\/\/www.cukurovaroof.com\/wp-content\/uploads\/2021\/10\/Fabrika-Binasi-Catisi.jpg\" alt=\"FABR\u0130KALARDA \u00c7EL\u0130K \u00c7ATI KULLANIMI\">\n\t\t\t\t\t\t\t\t\t\t\t\t\t\t\t\t\t<span class=\"date\">\n\t\t\t\t\t\t\t\t\t\t<span class=\"unit second_font day\">24<\/span>\n\t\t\t\t\t\t\t\t\t\t<span class=\"unit second_font month\">Eki, 2021<\/span>\n\t\t\t\t\t\t\t\t\t<\/span>\n\t\t\t\t\t\t\t\t\t\t\t\t\t\t\t<\/div>\n\t\t\t\t\t\t\n\t\t\t\t\t\t<div class=\"content\">\n\n\t\t\t\t\t\t\t\t\t\t\t\t\t\t\t<div class=\"title\">\n\t\t\t\t\t\t\t\t\t<h3><a class=\"second_font\" href=\"https:\/\/www.cukurovaroof.com\/index.php\/2021\/10\/24\/fabrikalarda-celik-cati-kullanimi\/\">FABR\u0130KALARDA \u00c7EL\u0130K \u00c7ATI KULLANIMI<\/a><\/h3>\n\t\t\t\t\t\t\t\t<\/div>\n\t\t\t\t\t\t\t\n\t\t\t\t\t\t\t\t\t\t\t\t\t\t\t<div class=\"post-meta-blog\">\n\t\t\t\t\t\t\t\t\t<span class=\"category second_font\">\n\t\t\t\t\t\t\t\t\t\t<i class=\"zmdi zmdi-tag\"><\/i>\n\t\t\t\t\t\t\t\t\t\t<a href=\"https:\/\/www.cukurovaroof.com\/index.php\/category\/genel\/\" rel=\"category tag\">Genel<\/a>\t\t\t\t\t\t\t\t\t\t<span class=\"meta-slash\">|<\/span>\n\t\t\t\t\t\t\t\t\t<\/span>\n\t\t\t\t\t\t\t\t\t<span class=\"author second_font\">\n\t\t\t\t\t\t\t\t\t\t<span class=\"left\"><i class=\"zmdi zmdi-edit\"><\/i><\/span>\n\t\t\t\t\t\t\t\t\t\t<span class=\"right\"><a href=\"https:\/\/www.cukurovaroof.com\/index.php\/author\/admin\/\">admin<\/a><\/span>\n\t\t\t\t\t\t\t\t\t<\/span>\n\t\t\t\t\t\t\t\t<\/div>\n\t\t\t\t\t\t\t\t\t\t\t\t\n\n\t\t\t\t\t\t\t\t\t\t\t\t\t\t\t<div class=\"excerpt\">\n\t\t\t\t\t\t\t\t\t<p>END\u00dcSTFABR\u0130KALARDA \u00c7EL\u0130K \u00c7ATI KULLANIMI Fabrikalar\u0131n \u00e7al\u0131\u015fma saati g\u00f6z \u00f6n\u00fcne al\u0131nd\u0131\u011f\u0131nda \u00e7al\u0131\u015fma ko\u015fullar\u0131 tasarlan\u0131rken en \u00f6nemli etkenlerden biri \u00e7at\u0131lard\u0131r. \u00c7elik \u00e7at\u0131lar\u00a0dayan\u0131kl\u0131 ve uzun \u00f6m\u00fcrl\u00fc yap\u0131s\u0131yla<\/p>\n\t\t\t\t\t\t\t\t<\/div>\n\t\t\t\t\t\t\t\n\t\t\t\t\t\t\t\t\t\t\t\t\t\t\t<div class=\"readmore\">\n\t\t\t\t\t\t\t\t\t<a href=\"https:\/\/www.cukurovaroof.com\/index.php\/2021\/10\/24\/fabrikalarda-celik-cati-kullanimi\/\">READ MORE\t\t\t\t\t\t\t\t<\/a>\n\t\t\t\t\t\t\t<\/div>\n\t\t\t\t\t\t\n\t\t\t\t\t<\/div>\n\t\t\t\t<\/div>\n\t\t\t\t\n\t\t\t\t\t<div class=\"item-blog\">\n\t\t\t\t\t\t\t\t\t\t\t\t\t<div class=\"ova-media\">\n\t\t\t\t\t\t\t\t<img decoding=\"async\" src=\"https:\/\/www.cukurovaroof.com\/wp-content\/uploads\/2019\/06\/services_img_2-1.jpg\" alt=\"END\u00dcSTR\u0130YEL \u00c7ATI S\u0130STEMLER\u0130\">\n\t\t\t\t\t\t\t\t\t\t\t\t\t\t\t\t\t<span class=\"date\">\n\t\t\t\t\t\t\t\t\t\t<span class=\"unit second_font day\">17<\/span>\n\t\t\t\t\t\t\t\t\t\t<span class=\"unit second_font month\">Eki, 2021<\/span>\n\t\t\t\t\t\t\t\t\t<\/span>\n\t\t\t\t\t\t\t\t\t\t\t\t\t\t\t<\/div>\n\t\t\t\t\t\t\n\t\t\t\t\t\t<div class=\"content\">\n\n\t\t\t\t\t\t\t\t\t\t\t\t\t\t\t<div class=\"title\">\n\t\t\t\t\t\t\t\t\t<h3><a class=\"second_font\" href=\"https:\/\/www.cukurovaroof.com\/index.php\/2021\/10\/17\/endustriyel-cati-sistemleri\/\">END\u00dcSTR\u0130YEL \u00c7ATI S\u0130STEMLER\u0130<\/a><\/h3>\n\t\t\t\t\t\t\t\t<\/div>\n\t\t\t\t\t\t\t\n\t\t\t\t\t\t\t\t\t\t\t\t\t\t\t<div class=\"post-meta-blog\">\n\t\t\t\t\t\t\t\t\t<span class=\"category second_font\">\n\t\t\t\t\t\t\t\t\t\t<i class=\"zmdi zmdi-tag\"><\/i>\n\t\t\t\t\t\t\t\t\t\t<a href=\"https:\/\/www.cukurovaroof.com\/index.php\/category\/genel\/\" rel=\"category tag\">Genel<\/a>\t\t\t\t\t\t\t\t\t\t<span class=\"meta-slash\">|<\/span>\n\t\t\t\t\t\t\t\t\t<\/span>\n\t\t\t\t\t\t\t\t\t<span class=\"author second_font\">\n\t\t\t\t\t\t\t\t\t\t<span class=\"left\"><i class=\"zmdi zmdi-edit\"><\/i><\/span>\n\t\t\t\t\t\t\t\t\t\t<span class=\"right\"><a href=\"https:\/\/www.cukurovaroof.com\/index.php\/author\/admin\/\">admin<\/a><\/span>\n\t\t\t\t\t\t\t\t\t<\/span>\n\t\t\t\t\t\t\t\t<\/div>\n\t\t\t\t\t\t\t\t\t\t\t\t\n\n\t\t\t\t\t\t\t\t\t\t\t\t\t\t\t<div class=\"excerpt\">\n\t\t\t\t\t\t\t\t\t<p>END\u00dcSTR\u0130YEL \u00c7ATI S\u0130STEMLER\u0130 End\u00fcstriyel yap\u0131lar asl\u0131na bakacak olursak \u00fcretim yapan ve hizmet veren t\u00fcm yap\u0131lard\u0131r. Her sekt\u00f6r end\u00fcstriyel yap\u0131ya \u00f6rnek diyebiliriz. Fabrikalar, at\u00f6lyeler, \u00fcretim<\/p>\n\t\t\t\t\t\t\t\t<\/div>\n\t\t\t\t\t\t\t\n\t\t\t\t\t\t\t\t\t\t\t\t\t\t\t<div class=\"readmore\">\n\t\t\t\t\t\t\t\t\t<a href=\"https:\/\/www.cukurovaroof.com\/index.php\/2021\/10\/17\/endustriyel-cati-sistemleri\/\">READ MORE\t\t\t\t\t\t\t\t<\/a>\n\t\t\t\t\t\t\t<\/div>\n\t\t\t\t\t\t\n\t\t\t\t\t<\/div>\n\t\t\t\t<\/div>\n\t\t\t\t\n\t\t<\/div>\n\t<\/div>\n\t\t\t<\/div>\n\t\t\t\t<\/div>\n\t\t\t\t\t<\/div>\n\t\t<\/div>\n\t\t\t\t\t\t\t<\/div>\n\t\t<\/section>\n\t\t\t\t\t\t<\/div>\n\t\t\t\t\t<\/div>\n\t\t","protected":false},"excerpt":{"rendered":"<p>Design\/Build Buildcos team of dedicated hospitality professionals work together to meet client goals and ensure smooth, timely and cost effective project delivery across the United States. We combine tailored, client focused service with our commitment to quality and work to raise safety standards across the hospitality sector. Many of the iconic features of the historic [&hellip;]<\/p>\n","protected":false},"author":1,"featured_media":0,"parent":0,"menu_order":0,"comment_status":"closed","ping_status":"closed","template":"elementor_header_footer","meta":{"footnotes":""},"_links":{"self":[{"href":"https:\/\/www.cukurovaroof.com\/index.php\/wp-json\/wp\/v2\/pages\/902"}],"collection":[{"href":"https:\/\/www.cukurovaroof.com\/index.php\/wp-json\/wp\/v2\/pages"}],"about":[{"href":"https:\/\/www.cukurovaroof.com\/index.php\/wp-json\/wp\/v2\/types\/page"}],"author":[{"embeddable":true,"href":"https:\/\/www.cukurovaroof.com\/index.php\/wp-json\/wp\/v2\/users\/1"}],"replies":[{"embeddable":true,"href":"https:\/\/www.cukurovaroof.com\/index.php\/wp-json\/wp\/v2\/comments?post=902"}],"version-history":[{"count":1,"href":"https:\/\/www.cukurovaroof.com\/index.php\/wp-json\/wp\/v2\/pages\/902\/revisions"}],"predecessor-version":[{"id":2901,"href":"https:\/\/www.cukurovaroof.com\/index.php\/wp-json\/wp\/v2\/pages\/902\/revisions\/2901"}],"wp:attachment":[{"href":"https:\/\/www.cukurovaroof.com\/index.php\/wp-json\/wp\/v2\/media?parent=902"}],"curies":[{"name":"wp","href":"https:\/\/api.w.org\/{rel}","templated":true}]}}